{"id":910,"date":"2024-10-17T10:12:46","date_gmt":"2024-10-17T10:12:46","guid":{"rendered":"https:\/\/wesem-erasmus.eu\/kupsiste-poliitika"},"modified":"2026-02-02T10:19:06","modified_gmt":"2026-02-02T10:19:06","slug":"kupsiste-poliitika","status":"publish","type":"page","link":"https:\/\/wesem-erasmus.eu\/et\/kupsiste-poliitika","title":{"rendered":"K\u00fcpsiste poliitika"},"content":{"rendered":"\t\t<div data-elementor-type=\"wp-page\" data-elementor-id=\"910\" class=\"elementor elementor-910 elementor-203\" data-elementor-post-type=\"page\">\n\t\t\t\t<div data-dce-background-image-url=\"https:\/\/wesem-erasmus.eu\/wp-content\/uploads\/2024\/06\/WESEM-bg-1.png\" class=\"elementor-element elementor-element-9c1e984 e-flex e-con-boxed e-con e-parent\" data-id=\"9c1e984\" data-element_type=\"container\" data-e-type=\"container\" data-settings=\"{&quot;background_background&quot;:&quot;classic&quot;,&quot;shape_divider_bottom&quot;:&quot;mountains&quot;}\">\n\t\t\t\t\t<div class=\"e-con-inner\">\n\t\t\t\t<div class=\"elementor-shape elementor-shape-bottom\" aria-hidden=\"true\" data-negative=\"false\">\n\t\t\t<svg xmlns=\"http:\/\/www.w3.org\/2000\/svg\" viewBox=\"0 0 1000 100\" preserveAspectRatio=\"none\">\n\t<path class=\"elementor-shape-fill\" opacity=\"0.33\" d=\"M473,67.3c-203.9,88.3-263.1-34-320.3,0C66,119.1,0,59.7,0,59.7V0h1000v59.7 c0,0-62.1,26.1-94.9,29.3c-32.8,3.3-62.8-12.3-75.8-22.1C806,49.6,745.3,8.7,694.9,4.7S492.4,59,473,67.3z\"\/>\n\t<path class=\"elementor-shape-fill\" opacity=\"0.66\" d=\"M734,67.3c-45.5,0-77.2-23.2-129.1-39.1c-28.6-8.7-150.3-10.1-254,39.1 s-91.7-34.4-149.2,0C115.7,118.3,0,39.8,0,39.8V0h1000v36.5c0,0-28.2-18.5-92.1-18.5C810.2,18.1,775.7,67.3,734,67.3z\"\/>\n\t<path class=\"elementor-shape-fill\" d=\"M766.1,28.9c-200-57.5-266,65.5-395.1,19.5C242,1.8,242,5.4,184.8,20.6C128,35.8,132.3,44.9,89.9,52.5C28.6,63.7,0,0,0,0 h1000c0,0-9.9,40.9-83.6,48.1S829.6,47,766.1,28.9z\"\/>\n<\/svg>\t\t<\/div>\n\t\t\t\t<div data-dce-title-color=\"#FFFFFF\" class=\"elementor-element elementor-element-aadb8e4 elementor-widget elementor-widget-heading\" data-id=\"aadb8e4\" data-element_type=\"widget\" data-e-type=\"widget\" data-widget_type=\"heading.default\">\n\t\t\t\t<div class=\"elementor-widget-container\">\n\t\t\t\t\t<h1 class=\"elementor-heading-title elementor-size-default\">K\u00fcpsiste poliitika<\/h1>\t\t\t\t<\/div>\n\t\t\t\t<\/div>\n\t\t\t\t\t<\/div>\n\t\t\t\t<\/div>\n\t\t<div class=\"elementor-element elementor-element-5915661 e-flex e-con-boxed e-con e-parent\" data-id=\"5915661\" data-element_type=\"container\" data-e-type=\"container\" id=\"about\" data-settings=\"{&quot;background_background&quot;:&quot;classic&quot;}\">\n\t\t\t\t\t<div class=\"e-con-inner\">\n\t\t\t\t<div data-dce-title-color=\"#FFFFFF\" class=\"elementor-element elementor-element-926832e elementor-widget__width-initial elementor-widget elementor-widget-heading\" data-id=\"926832e\" data-element_type=\"widget\" data-e-type=\"widget\" data-widget_type=\"heading.default\">\n\t\t\t\t<div class=\"elementor-widget-container\">\n\t\t\t\t\t<h2 class=\"elementor-heading-title elementor-size-default\">Mis on k\u00fcpsised?<\/h2>\t\t\t\t<\/div>\n\t\t\t\t<\/div>\n\t\t\t\t<div class=\"elementor-element elementor-element-f7576d9 elementor-widget__width-initial elementor-widget elementor-widget-text-editor\" data-id=\"f7576d9\" data-element_type=\"widget\" data-e-type=\"widget\" data-widget_type=\"text-editor.default\">\n\t\t\t\t<div class=\"elementor-widget-container\">\n\t\t\t\t\t\t\t\t\t<p><span data-sheets-root=\"1\">K\u00fcpsis on fail, mis salvestatakse sinu arvutisse, telefoni v\u00f5i muusse seadmesse, kui k\u00fclastad teatud veebilehti. K\u00fcpsiste abil saab veebileht muu hulgas talletada ja meelde j\u00e4tta infot sinu sirvimisharjumuste kohta ning tuvastada sind vastavalt seal sisalduvale infole ja sellele, kuidas sa oma seadet kasutad. <\/span><\/p><p><span data-sheets-root=\"1\">K\u00fcpsised ei kahjusta sinu seadet ja on vajalikud veebilehel mugavaks navigeerimiseks.<\/span><\/p>\t\t\t\t\t\t\t\t<\/div>\n\t\t\t\t<\/div>\n\t\t\t\t<div data-dce-title-color=\"#FFFFFF\" class=\"elementor-element elementor-element-b8066fa elementor-widget__width-initial elementor-widget elementor-widget-heading\" data-id=\"b8066fa\" data-element_type=\"widget\" data-e-type=\"widget\" data-widget_type=\"heading.default\">\n\t\t\t\t<div class=\"elementor-widget-container\">\n\t\t\t\t\t<h2 class=\"elementor-heading-title elementor-size-default\">Milleks me oma veebilehel k\u00fcpsiseid kasutame?<\/h2>\t\t\t\t<\/div>\n\t\t\t\t<\/div>\n\t\t\t\t<div class=\"elementor-element elementor-element-b7a61b2 elementor-widget__width-initial elementor-widget elementor-widget-text-editor\" data-id=\"b7a61b2\" data-element_type=\"widget\" data-e-type=\"widget\" data-widget_type=\"text-editor.default\">\n\t\t\t\t<div class=\"elementor-widget-container\">\n\t\t\t\t\t\t\t\t\t<p><span data-sheets-root=\"1\">K\u00fcpsised on vajalikud, et meie veebileht t\u00f6\u00f6taks korralikult. Nende eesm\u00e4rk on parandada kasutajakogemust \u2013 n\u00e4iteks hoida meeles sinu eelistusi (keel, riik jms) nii sirvimise ajal kui ka j\u00e4rgmistel k\u00fclastustel.  <\/span><\/p><p><span data-sheets-root=\"1\">K\u00fcpsistest kogutud teave aitab meil veebilehte t\u00e4iustada, kohandada seda kasutajate huvide j\u00e4rgi, kiirendada otsinguid jms.<\/span><\/p>\t\t\t\t\t\t\t\t<\/div>\n\t\t\t\t<\/div>\n\t\t\t\t\t<\/div>\n\t\t\t\t<\/div>\n\t\t<div class=\"elementor-element elementor-element-a5579ba e-flex e-con-boxed e-con e-parent\" data-id=\"a5579ba\" data-element_type=\"container\" data-e-type=\"container\" data-settings=\"{&quot;background_background&quot;:&quot;classic&quot;}\">\n\t\t\t\t\t<div class=\"e-con-inner\">\n\t\t\t\t<div data-dce-title-color=\"#FFFFFF\" class=\"elementor-element elementor-element-c10d9f4 elementor-widget__width-inherit elementor-widget elementor-widget-heading\" data-id=\"c10d9f4\" data-element_type=\"widget\" data-e-type=\"widget\" data-widget_type=\"heading.default\">\n\t\t\t\t<div class=\"elementor-widget-container\">\n\t\t\t\t\t<h2 class=\"elementor-heading-title elementor-size-default\">Milliseid k\u00fcpsiseid meie veebileht kasutab?<\/h2>\t\t\t\t<\/div>\n\t\t\t\t<\/div>\n\t\t\t\t<div class=\"elementor-element elementor-element-fa755a3 elementor-widget__width-initial elementor-widget elementor-widget-text-editor\" data-id=\"fa755a3\" data-element_type=\"widget\" data-e-type=\"widget\" data-widget_type=\"text-editor.default\">\n\t\t\t\t<div class=\"elementor-widget-container\">\n\t\t\t\t\t\t\t\t\t<p><span data-sheets-root=\"1\"><strong>Anal\u00fc\u00fctilised k\u00fcpsised:<\/strong> v\u00f5imaldavad meil v\u00f5i kolmandatel osapooltel \u00f5igesti kasutamisel m\u00e4\u00e4rata kindlaks kasutajate arvu ning teha m\u00f5\u00f5tmisi ja statistilist anal\u00fc\u00fcsi selle kohta, kuidas k\u00fclastajad meie teenust kasutavad.<\/span><\/p><p><span data-sheets-root=\"1\"><strong>Reklaamik\u00fcpsised:<\/strong> K\u00fcpsised, kui neid kasutatakse \u00f5igesti meie v\u00f5i kolmandate osapoolte poolt, v\u00f5imaldavad hallata veebilehe reklaamipinda v\u00f5imalikult t\u00f5husalt. Nii saab reklaami sisu kohandada vastavalt taotletud teenuse sisule v\u00f5i sellele, kuidas kasutaja meie veebilehte kasutab.<\/span><\/p>\t\t\t\t\t\t\t\t<\/div>\n\t\t\t\t<\/div>\n\t\t\t\t<div data-dce-title-color=\"#FFFFFF\" class=\"elementor-element elementor-element-fdcb9ac elementor-widget__width-inherit elementor-widget elementor-widget-heading\" data-id=\"fdcb9ac\" data-element_type=\"widget\" data-e-type=\"widget\" data-widget_type=\"heading.default\">\n\t\t\t\t<div class=\"elementor-widget-container\">\n\t\t\t\t\t<h2 class=\"elementor-heading-title elementor-size-default\">Milleks me k\u00fcpsiseid EI kasuta<\/h2>\t\t\t\t<\/div>\n\t\t\t\t<\/div>\n\t\t\t\t<div class=\"elementor-element elementor-element-bb2079e elementor-widget__width-initial elementor-widget elementor-widget-text-editor\" data-id=\"bb2079e\" data-element_type=\"widget\" data-e-type=\"widget\" data-widget_type=\"text-editor.default\">\n\t\t\t\t<div class=\"elementor-widget-container\">\n\t\t\t\t\t\t\t\t\t<p><span data-sheets-root=\"1\">Meie k\u00fcpsised ei salvesta isikuandmeid, aadresse, paroole ega krediit- v\u00f5i deebetkaardi andmeid.<\/span><\/p>\t\t\t\t\t\t\t\t<\/div>\n\t\t\t\t<\/div>\n\t\t\t\t\t<\/div>\n\t\t\t\t<\/div>\n\t\t<div class=\"elementor-element elementor-element-680d9bb e-flex e-con-boxed e-con e-parent\" data-id=\"680d9bb\" data-element_type=\"container\" data-e-type=\"container\" id=\"news\">\n\t\t\t\t\t<div class=\"e-con-inner\">\n\t\t\t\t<div data-dce-title-color=\"#FFFFFF\" class=\"elementor-element elementor-element-9d83ef1 elementor-widget__width-initial elementor-widget elementor-widget-heading\" data-id=\"9d83ef1\" data-element_type=\"widget\" data-e-type=\"widget\" data-widget_type=\"heading.default\">\n\t\t\t\t<div class=\"elementor-widget-container\">\n\t\t\t\t\t<h2 class=\"elementor-heading-title elementor-size-default\">Kes kasutab k\u00fcpsistesse talletatud teavet?<\/h2>\t\t\t\t<\/div>\n\t\t\t\t<\/div>\n\t\t\t\t<div class=\"elementor-element elementor-element-66f7919 elementor-widget__width-initial elementor-widget elementor-widget-text-editor\" data-id=\"66f7919\" data-element_type=\"widget\" data-e-type=\"widget\" data-widget_type=\"text-editor.default\">\n\t\t\t\t<div class=\"elementor-widget-container\">\n\t\t\t\t\t\t\t\t\t<p><span data-sheets-root=\"1\">Veebilehe k\u00fcpsistesse salvestatud teavet kasutame peamiselt ainult meie ise. Erandiks on \u201ekolmandate osapoolte k\u00fcpsised\u201c, mida haldavad v\u00e4lised teenusepakkujad. Need v\u00f5imaldavad meil parandada oma teenuseid ning pakkuda kasutajatele paremat sirvimiskogemust.<\/span><\/p><p><span data-sheets-root=\"1\">Kolmandate osapoolte k\u00fcpsiseid kasutatakse peamiselt statistika kogumiseks ning maksetehingute turvaliseks toimimiseks.<\/span><\/p>\t\t\t\t\t\t\t\t<\/div>\n\t\t\t\t<\/div>\n\t\t\t\t<div data-dce-title-color=\"#FFFFFF\" class=\"elementor-element elementor-element-bb5c880 elementor-widget__width-initial elementor-widget elementor-widget-heading\" data-id=\"bb5c880\" data-element_type=\"widget\" data-e-type=\"widget\" data-widget_type=\"heading.default\">\n\t\t\t\t<div class=\"elementor-widget-container\">\n\t\t\t\t\t<h2 class=\"elementor-heading-title elementor-size-default\">Kas ma saan k\u00fcpsiste kasutamist keelata?<\/h2>\t\t\t\t<\/div>\n\t\t\t\t<\/div>\n\t\t\t\t<div class=\"elementor-element elementor-element-01ab9e1 elementor-widget__width-initial elementor-widget elementor-widget-text-editor\" data-id=\"01ab9e1\" data-element_type=\"widget\" data-e-type=\"widget\" data-widget_type=\"text-editor.default\">\n\t\t\t\t<div class=\"elementor-widget-container\">\n\t\t\t\t\t\t\t\t\t<p><span data-sheets-root=\"1\">Jah. K\u00f5igepealt pead oma veebilehitsejas k\u00fcpsiste kasutamise keelama ning seej\u00e4rel kustutama k\u00f5ik selle veebilehega seotud k\u00fcpsised, mis on juba salvestatud.<br><\/span><\/p><p><span data-sheets-root=\"1\">Sul on alati v\u00f5imalik piirata, blokeerida v\u00f5i kustutada selle veebilehe k\u00fcpsiseid, muutes oma brauseri seadeid. T\u00e4psed sammud s\u00f5ltuvad kasutatavast brauserist \u2013 lisateavet leiad oma brauseri men\u00fc\u00fcst \u201eAbi\u201c.  <\/span><\/p><p><span data-sheets-root=\"1\">Pane t\u00e4hele, et k\u00fcpsiste keelamisel ei pruugi osa veebilehe funktsioone enam korralikult toimida.<\/span><\/p>\t\t\t\t\t\t\t\t<\/div>\n\t\t\t\t<\/div>\n\t\t\t\t\t<\/div>\n\t\t\t\t<\/div>\n\t\t<div class=\"elementor-element elementor-element-6715720 e-flex e-con-boxed e-con e-parent\" data-id=\"6715720\" data-element_type=\"container\" data-e-type=\"container\" data-settings=\"{&quot;background_background&quot;:&quot;classic&quot;}\">\n\t\t\t\t\t<div class=\"e-con-inner\">\n\t\t\t\t<div data-dce-title-color=\"#FFFFFF\" class=\"elementor-element elementor-element-8588d40 elementor-widget__width-initial elementor-widget elementor-widget-heading\" data-id=\"8588d40\" data-element_type=\"widget\" data-e-type=\"widget\" data-widget_type=\"heading.default\">\n\t\t\t\t<div class=\"elementor-widget-container\">\n\t\t\t\t\t<h2 class=\"elementor-heading-title elementor-size-default\">Meie veebilehel kasutatavate k\u00fcpsiste loend<\/h2>\t\t\t\t<\/div>\n\t\t\t\t<\/div>\n\t\t\t\t<div class=\"elementor-element elementor-element-fab4606 elementor-widget__width-initial elementor-widget elementor-widget-text-editor\" data-id=\"fab4606\" data-element_type=\"widget\" data-e-type=\"widget\" data-widget_type=\"text-editor.default\">\n\t\t\t\t<div class=\"elementor-widget-container\">\n\t\t\t\t\t\t\t\t\t<p><strong>Tehnilised ja personaliseeritud k\u00fcpsised<\/strong><\/p><p><span data-sheets-root=\"1\">Need k\u00fcpsised v\u00f5imaldavad kasutajat seansi ajal tuvastada, v\u00e4ltida korduvat autentimist veebilehel, kiirendada teatud protsesse, meelde j\u00e4tta seansi v\u00f5i j\u00e4rgnevate k\u00fclastuste ajal tehtud valikuid ning juba k\u00fclastatud lehti.<\/span><\/p>\t\t\t\t\t\t\t\t<\/div>\n\t\t\t\t<\/div>\n\t\t\t\t<div class=\"elementor-element elementor-element-66d0bdd eael-dt-th-align-center eael-table-align-center elementor-widget elementor-widget-eael-data-table\" data-id=\"66d0bdd\" data-element_type=\"widget\" data-e-type=\"widget\" data-widget_type=\"eael-data-table.default\">\n\t\t\t\t<div class=\"elementor-widget-container\">\n\t\t\t\t\t<style>\n\t\t\t@media (max-width: 767px) {\n\t\t\t   #eael-data-table-wrapper-66d0bdd.custom-responsive-option-enable .eael-data-table thead {\n                    display: none;\n               }\n               #eael-data-table-wrapper-66d0bdd.custom-responsive-option-enable .eael-data-table tbody tr td {\n                    float: none;\n                    clear: left;\n                    width: 100%;\n                    text-align: left;\n                    display: flex;\n                    align-items: center;\n                }\n\t\t\t}\n\t\t\t<\/style>\t\t<div class=\"eael-data-table-wrap custom-responsive-option-enable\" data-table_id=\"66d0bdd\" id=\"eael-data-table-wrapper-66d0bdd\" data-custom_responsive=\"true\">\n\t\t\t<table class=\"tablesorter eael-data-table center\" id=\"eael-data-table-66d0bdd\">\n\t\t\t    <thead>\n\t\t\t        <tr class=\"table-header\">\n\t\t\t\t\t\t\t\t\t            <th class=\"\" id=\"\" colspan=\"\">\n\t\t\t\t\t\t\t\t\t\t\t\t\t\t<span class=\"data-table-header-text\">K\u00dcPSISED<\/span><\/th>\n\t\t\t        \t\t\t\t            <th class=\"\" id=\"\" colspan=\"\">\n\t\t\t\t\t\t\t\t\t\t\t\t\t\t<span class=\"data-table-header-text\">EESM\u00c4RK<\/span><\/th>\n\t\t\t        \t\t\t\t            <th class=\"\" id=\"\" colspan=\"\">\n\t\t\t\t\t\t\t\t\t\t\t\t\t\t<span class=\"data-table-header-text\">KESTUS<\/span><\/th>\n\t\t\t        \t\t\t\t            <th class=\"\" id=\"\" colspan=\"\">\n\t\t\t\t\t\t\t\t\t\t\t\t\t\t<span class=\"data-table-header-text\">HALDUS<\/span><\/th>\n\t\t\t        \t\t\t\t        <\/tr>\n\t\t\t    <\/thead>\n\t\t\t  \t<tbody>\n\t\t\t\t\t\t\t\t\t\t\t<tr>\n\t\t\t\t\t\t\t\t\t\t\t\t\t\t\t\t   \t\t\t\t\t\t\t\t\t\t\t<td colspan=\"\" rowspan=\"\" class=\"\" id=\"\">\n\t\t\t\t\t\t\t\t\t\t\t\t<div class=\"td-content-wrapper\"><div class=\"td-content\">\n\t\t\t\t\t\t\t\t\t\t\t\t\tKasutaja tuvastamine\t\t\t\t\t\t\t\t\t\t\t\t<\/div><\/div>\n\t\t\t\t\t\t\t\t\t\t\t<\/td>\n\t\t\t\t\t\t\t\t\t\t\t\t\t\t\t\t\t\t\t\t\t\t\t\t\t\t\t\t\t   \t\t\t\t\t\t\t\t\t\t\t<td colspan=\"\" rowspan=\"\" class=\"justify\" id=\"\">\n\t\t\t\t\t\t\t\t\t\t\t\t<div class=\"td-content-wrapper\"><div class=\"td-content\">\n\t\t\t\t\t\t\t\t\t\t\t\t\tNeed k\u00fcpsised on m\u00f5eldud kasutaja tuvastamiseks ja autentimiseks. Samuti sisaldavad need tehnilisi andmeid seansi kohta, n\u00e4iteks \u00fchenduse ajal\u00f5pp, seansi ID jms. \t\t\t\t\t\t\t\t\t\t\t\t<\/div><\/div>\n\t\t\t\t\t\t\t\t\t\t\t<\/td>\n\t\t\t\t\t\t\t\t\t\t\t\t\t\t\t\t\t\t\t\t\t\t\t\t\t\t\t\t\t   \t\t\t\t\t\t\t\t\t\t\t<td colspan=\"\" rowspan=\"\" class=\"\" id=\"\">\n\t\t\t\t\t\t\t\t\t\t\t\t<div class=\"td-content-wrapper\"><div class=\"td-content\">\n\t\t\t\t\t\t\t\t\t\t\t\t\tSeanss\t\t\t\t\t\t\t\t\t\t\t\t<\/div><\/div>\n\t\t\t\t\t\t\t\t\t\t\t<\/td>\n\t\t\t\t\t\t\t\t\t\t\t\t\t\t\t\t\t\t\t\t\t\t\t\t\t\t\t\t\t   \t\t\t\t\t\t\t\t\t\t\t<td colspan=\"\" rowspan=\"\" class=\"\" id=\"\">\n\t\t\t\t\t\t\t\t\t\t\t\t<div class=\"td-content-wrapper\"><div class=\"td-content\">\n\t\t\t\t\t\t\t\t\t\t\t\t\tWESEM\t\t\t\t\t\t\t\t\t\t\t\t<\/div><\/div>\n\t\t\t\t\t\t\t\t\t\t\t<\/td>\n\t\t\t\t\t\t\t\t\t\t\t\t\t\t\t\t\t\t\t\t\t\t\t\t\t\t<\/tr>\n\t\t\t        \t\t\t\t\t\t<tr>\n\t\t\t\t\t\t\t\t\t\t\t\t\t\t\t\t   \t\t\t\t\t\t\t\t\t\t\t<td colspan=\"\" rowspan=\"\" class=\"\" id=\"\">\n\t\t\t\t\t\t\t\t\t\t\t\t<div class=\"td-content-wrapper\"><div class=\"td-content\">\n\t\t\t\t\t\t\t\t\t\t\t\t\tSeansi tuvastamine\t\t\t\t\t\t\t\t\t\t\t\t<\/div><\/div>\n\t\t\t\t\t\t\t\t\t\t\t<\/td>\n\t\t\t\t\t\t\t\t\t\t\t\t\t\t\t\t\t\t\t\t\t\t\t\t\t\t\t\t\t   \t\t\t\t\t\t\t\t\t\t\t<td colspan=\"\" rowspan=\"\" class=\"justify\" id=\"\">\n\t\t\t\t\t\t\t\t\t\t\t\t<div class=\"td-content-wrapper\"><div class=\"td-content\">\n\t\t\t\t\t\t\t\t\t\t\t\t\tNeed k\u00fcpsised tuvastavad kasutaja HTTP-seansi. See on tavaline k\u00f5igis veebirakendustes, et siduda kasutaja p\u00e4ringud tema seansiga. \t\t\t\t\t\t\t\t\t\t\t\t<\/div><\/div>\n\t\t\t\t\t\t\t\t\t\t\t<\/td>\n\t\t\t\t\t\t\t\t\t\t\t\t\t\t\t\t\t\t\t\t\t\t\t\t\t\t\t\t\t   \t\t\t\t\t\t\t\t\t\t\t<td colspan=\"\" rowspan=\"\" class=\"\" id=\"\">\n\t\t\t\t\t\t\t\t\t\t\t\t<div class=\"td-content-wrapper\"><div class=\"td-content\">\n\t\t\t\t\t\t\t\t\t\t\t\t\tSeanss\t\t\t\t\t\t\t\t\t\t\t\t<\/div><\/div>\n\t\t\t\t\t\t\t\t\t\t\t<\/td>\n\t\t\t\t\t\t\t\t\t\t\t\t\t\t\t\t\t\t\t\t\t\t\t\t\t\t\t\t\t   \t\t\t\t\t\t\t\t\t\t\t<td colspan=\"\" rowspan=\"\" class=\"\" id=\"\">\n\t\t\t\t\t\t\t\t\t\t\t\t<div class=\"td-content-wrapper\"><div class=\"td-content\">\n\t\t\t\t\t\t\t\t\t\t\t\t\tWESEM\t\t\t\t\t\t\t\t\t\t\t\t<\/div><\/div>\n\t\t\t\t\t\t\t\t\t\t\t<\/td>\n\t\t\t\t\t\t\t\t\t\t\t\t\t\t\t\t\t\t\t\t\t\t\t\t\t\t<\/tr>\n\t\t\t        \t\t\t\t\t\t<tr>\n\t\t\t\t\t\t\t\t\t\t\t\t\t\t\t\t   \t\t\t\t\t\t\t\t\t\t\t<td colspan=\"\" rowspan=\"\" class=\"\" id=\"\">\n\t\t\t\t\t\t\t\t\t\t\t\t<div class=\"td-content-wrapper\"><div class=\"td-content\">\n\t\t\t\t\t\t\t\t\t\t\t\t\tNavigeerimise olek\t\t\t\t\t\t\t\t\t\t\t\t<\/div><\/div>\n\t\t\t\t\t\t\t\t\t\t\t<\/td>\n\t\t\t\t\t\t\t\t\t\t\t\t\t\t\t\t\t\t\t\t\t\t\t\t\t\t\t\t\t   \t\t\t\t\t\t\t\t\t\t\t<td colspan=\"\" rowspan=\"\" class=\"justify\" id=\"\">\n\t\t\t\t\t\t\t\t\t\t\t\t<div class=\"td-content-wrapper\"><div class=\"td-content\">\n\t\t\t\t\t\t\t\t\t\t\t\t\tNeed k\u00fcpsised aitavad tuvastada kasutaja sirvimisolekut (nt sisselogimine, avaleht, esimene k\u00fclastus, kerimise olek, h\u00e4\u00e4letamise olek jms).\t\t\t\t\t\t\t\t\t\t\t\t<\/div><\/div>\n\t\t\t\t\t\t\t\t\t\t\t<\/td>\n\t\t\t\t\t\t\t\t\t\t\t\t\t\t\t\t\t\t\t\t\t\t\t\t\t\t\t\t\t   \t\t\t\t\t\t\t\t\t\t\t<td colspan=\"\" rowspan=\"\" class=\"\" id=\"\">\n\t\t\t\t\t\t\t\t\t\t\t\t<div class=\"td-content-wrapper\"><div class=\"td-content\">\n\t\t\t\t\t\t\t\t\t\t\t\t\tSeanss\t\t\t\t\t\t\t\t\t\t\t\t<\/div><\/div>\n\t\t\t\t\t\t\t\t\t\t\t<\/td>\n\t\t\t\t\t\t\t\t\t\t\t\t\t\t\t\t\t\t\t\t\t\t\t\t\t\t\t\t\t   \t\t\t\t\t\t\t\t\t\t\t<td colspan=\"\" rowspan=\"\" class=\"\" id=\"\">\n\t\t\t\t\t\t\t\t\t\t\t\t<div class=\"td-content-wrapper\"><div class=\"td-content\">\n\t\t\t\t\t\t\t\t\t\t\t\t\tWESEM\t\t\t\t\t\t\t\t\t\t\t\t<\/div><\/div>\n\t\t\t\t\t\t\t\t\t\t\t<\/td>\n\t\t\t\t\t\t\t\t\t\t\t\t\t\t\t\t\t\t\t\t\t\t\t\t\t\t<\/tr>\n\t\t\t        \t\t\t    <\/tbody>\n\t\t\t<\/table>\n\t\t<\/div>\n\t  \t\t\t\t\t<\/div>\n\t\t\t\t<\/div>\n\t\t\t\t<div class=\"elementor-element elementor-element-005d5f0 elementor-widget__width-initial elementor-widget elementor-widget-text-editor\" data-id=\"005d5f0\" data-element_type=\"widget\" data-e-type=\"widget\" data-widget_type=\"text-editor.default\">\n\t\t\t\t<div class=\"elementor-widget-container\">\n\t\t\t\t\t\t\t\t\t<p><strong>Navigeerimise anal\u00fc\u00fcsi k\u00fcpsised<\/strong><\/p><p><span data-sheets-root=\"1\">Need k\u00fcpsised koguvad \u00fcldist infot kasutajate ligip\u00e4\u00e4su kohta veebilehele (mitte selle sisu kohta), et anda meile hiljem statistilist teavet k\u00fclastuste kohta.<\/span><\/p>\t\t\t\t\t\t\t\t<\/div>\n\t\t\t\t<\/div>\n\t\t\t\t<div class=\"elementor-element elementor-element-a282330 eael-dt-th-align-center eael-table-align-center elementor-widget elementor-widget-eael-data-table\" data-id=\"a282330\" data-element_type=\"widget\" data-e-type=\"widget\" data-widget_type=\"eael-data-table.default\">\n\t\t\t\t<div class=\"elementor-widget-container\">\n\t\t\t\t\t<style>\n\t\t\t@media (max-width: 767px) {\n\t\t\t   #eael-data-table-wrapper-a282330.custom-responsive-option-enable .eael-data-table thead {\n                    display: none;\n               }\n               #eael-data-table-wrapper-a282330.custom-responsive-option-enable .eael-data-table tbody tr td {\n                    float: none;\n                    clear: left;\n                    width: 100%;\n                    text-align: left;\n                    display: flex;\n                    align-items: center;\n                }\n\t\t\t}\n\t\t\t<\/style>\t\t<div class=\"eael-data-table-wrap custom-responsive-option-enable\" data-table_id=\"a282330\" id=\"eael-data-table-wrapper-a282330\" data-custom_responsive=\"true\">\n\t\t\t<table class=\"tablesorter eael-data-table center\" id=\"eael-data-table-a282330\">\n\t\t\t    <thead>\n\t\t\t        <tr class=\"table-header\">\n\t\t\t\t\t\t\t\t\t            <th class=\"\" id=\"\" colspan=\"\">\n\t\t\t\t\t\t\t\t\t\t\t\t\t\t<span class=\"data-table-header-text\">K\u00dcPSISED<\/span><\/th>\n\t\t\t        \t\t\t\t            <th class=\"\" id=\"\" colspan=\"\">\n\t\t\t\t\t\t\t\t\t\t\t\t\t\t<span class=\"data-table-header-text\">EESM\u00c4RK<\/span><\/th>\n\t\t\t        \t\t\t\t            <th class=\"\" id=\"\" colspan=\"\">\n\t\t\t\t\t\t\t\t\t\t\t\t\t\t<span class=\"data-table-header-text\">KESTUS<\/span><\/th>\n\t\t\t        \t\t\t\t            <th class=\"\" id=\"\" colspan=\"\">\n\t\t\t\t\t\t\t\t\t\t\t\t\t\t<span class=\"data-table-header-text\">HALDUS<\/span><\/th>\n\t\t\t        \t\t\t\t        <\/tr>\n\t\t\t    <\/thead>\n\t\t\t  \t<tbody>\n\t\t\t\t\t\t\t\t\t\t\t<tr>\n\t\t\t\t\t\t\t\t\t\t\t\t\t\t\t\t   \t\t\t\t\t\t\t\t\t\t\t<td colspan=\"\" rowspan=\"\" class=\"\" id=\"\">\n\t\t\t\t\t\t\t\t\t\t\t\t<div class=\"td-content-wrapper\"><div class=\"td-content\">\n\t\t\t\t\t\t\t\t\t\t\t\t\tGoogle Analytics (__utma, __utmb, __utmc, __utmd, __utmv, __utmz, _ga&#8230;)\t\t\t\t\t\t\t\t\t\t\t\t<\/div><\/div>\n\t\t\t\t\t\t\t\t\t\t\t<\/td>\n\t\t\t\t\t\t\t\t\t\t\t\t\t\t\t\t\t\t\t\t\t\t\t\t\t\t\t\t\t   \t\t\t\t\t\t\t\t\t\t\t<td colspan=\"\" rowspan=\"\" class=\"justify\" id=\"\">\n\t\t\t\t\t\t\t\t\t\t\t\t<div class=\"td-content-wrapper\"><div class=\"td-content\">\n\t\t\t\t\t\t\t\t\t\t\t\t\t<p>Need k\u00fcpsised v\u00f5imaldavad j\u00e4lgida veebilehe statistikat Google Analyticsi t\u00f6\u00f6riista abil, mis on Google\u2019i teenus kasutajate ligip\u00e4\u00e4suinfo kogumiseks. Salvestatavad andmed h\u00f5lmavad n\u00e4iteks: mitu korda kasutaja veebilehte k\u00fclastab, esimese ja viimase k\u00fclastuse kuup\u00e4ev, k\u00fclastuste kestus, leht, millelt veebilehele saabuti, millist otsingumootorit v\u00f5i linki kasutati, millises maailma piirkonnas veebilehte k\u00fclastati jpm.<br \/>Google Analyticsi k\u00fcpsiste loodud teave sinu veebilehe kasutuse kohta edastatakse ja salvestatakse otse Google Inc.-i (asutatud Ameerika \u00dchendriikides) serveritesse. Nende k\u00fcpsiste seadistus on Google\u2019i teenuse poolt ette m\u00e4\u00e4ratud, seet\u00f5ttu soovitame lisainfo saamiseks tutvuda <a href=\"https:\/\/policies.google.com\/technologies\/cookies\" target=\"_blank\" rel=\"noopener\">Google Analyticsi privaatsuslehega<\/a>, kus on kirjeldatud kasutatavad k\u00fcpsised ning nende keelamise v\u00f5imalused (pea meeles, et me ei vastuta kolmandate osapoolte veebilehtede sisu ega t\u00e4psuse eest).   <\/p>\n\t\t\t\t\t\t\t\t\t\t\t\t<\/div><\/div>\n\t\t\t\t\t\t\t\t\t\t\t<\/td>\n\t\t\t\t\t\t\t\t\t\t\t\t\t\t\t\t\t\t\t\t\t\t\t\t\t\t\t\t\t   \t\t\t\t\t\t\t\t\t\t\t<td colspan=\"\" rowspan=\"\" class=\"\" id=\"\">\n\t\t\t\t\t\t\t\t\t\t\t\t<div class=\"td-content-wrapper\"><div class=\"td-content\">\n\t\t\t\t\t\t\t\t\t\t\t\t\tP\u00fcsik\u00fcpsised\t\t\t\t\t\t\t\t\t\t\t\t<\/div><\/div>\n\t\t\t\t\t\t\t\t\t\t\t<\/td>\n\t\t\t\t\t\t\t\t\t\t\t\t\t\t\t\t\t\t\t\t\t\t\t\t\t\t\t\t\t   \t\t\t\t\t\t\t\t\t\t\t<td colspan=\"\" rowspan=\"\" class=\"\" id=\"\">\n\t\t\t\t\t\t\t\t\t\t\t\t<div class=\"td-content-wrapper\"><div class=\"td-content\">\n\t\t\t\t\t\t\t\t\t\t\t\t\tKolmandad osapooled\t\t\t\t\t\t\t\t\t\t\t\t<\/div><\/div>\n\t\t\t\t\t\t\t\t\t\t\t<\/td>\n\t\t\t\t\t\t\t\t\t\t\t\t\t\t\t\t\t\t\t\t\t\t\t\t\t\t<\/tr>\n\t\t\t        \t\t\t    <\/tbody>\n\t\t\t<\/table>\n\t\t<\/div>\n\t  \t\t\t\t\t<\/div>\n\t\t\t\t<\/div>\n\t\t\t\t\t<\/div>\n\t\t\t\t<\/div>\n\t\t\t\t<\/div>\n\t\t","protected":false},"excerpt":{"rendered":"<p>K\u00fcpsiste poliitika Mis on k\u00fcpsised? K\u00fcpsis on fail, mis salvestatakse sinu arvutisse, telefoni v\u00f5i muusse seadmesse, kui k\u00fclastad teatud veebilehti. K\u00fcpsiste abil saab veebileht muu hulgas talletada ja meelde j\u00e4tta infot sinu sirvimisharjumuste kohta ning tuvastada sind vastavalt seal sisalduvale infole ja sellele, kuidas sa oma seadet kasutad. K\u00fcpsised ei kahjusta sinu seadet ja on [&hellip;]<\/p>\n","protected":false},"author":1,"featured_media":0,"parent":0,"menu_order":0,"comment_status":"closed","ping_status":"closed","template":"elementor_header_footer","meta":{"_acf_changed":false,"_uf_show_specific_survey":0,"_uf_disable_surveys":false,"footnotes":""},"class_list":["post-910","page","type-page","status-publish","hentry"],"acf":[],"aioseo_notices":[],"_links":{"self":[{"href":"https:\/\/wesem-erasmus.eu\/et\/wp-json\/wp\/v2\/pages\/910","targetHints":{"allow":["GET"]}}],"collection":[{"href":"https:\/\/wesem-erasmus.eu\/et\/wp-json\/wp\/v2\/pages"}],"about":[{"href":"https:\/\/wesem-erasmus.eu\/et\/wp-json\/wp\/v2\/types\/page"}],"author":[{"embeddable":true,"href":"https:\/\/wesem-erasmus.eu\/et\/wp-json\/wp\/v2\/users\/1"}],"replies":[{"embeddable":true,"href":"https:\/\/wesem-erasmus.eu\/et\/wp-json\/wp\/v2\/comments?post=910"}],"version-history":[{"count":3,"href":"https:\/\/wesem-erasmus.eu\/et\/wp-json\/wp\/v2\/pages\/910\/revisions"}],"predecessor-version":[{"id":976,"href":"https:\/\/wesem-erasmus.eu\/et\/wp-json\/wp\/v2\/pages\/910\/revisions\/976"}],"wp:attachment":[{"href":"https:\/\/wesem-erasmus.eu\/et\/wp-json\/wp\/v2\/media?parent=910"}],"curies":[{"name":"wp","href":"https:\/\/api.w.org\/{rel}","templated":true}]}}