{"id":915,"date":"2024-10-17T08:15:16","date_gmt":"2024-10-17T08:15:16","guid":{"rendered":"https:\/\/wesem-erasmus.eu\/privaatsuspoliitika"},"modified":"2025-12-01T10:30:27","modified_gmt":"2025-12-01T10:30:27","slug":"privaatsuspoliitika","status":"publish","type":"page","link":"https:\/\/wesem-erasmus.eu\/et\/privaatsuspoliitika","title":{"rendered":"Privaatsuspoliitika"},"content":{"rendered":"\t\t<div data-elementor-type=\"wp-page\" data-elementor-id=\"915\" class=\"elementor elementor-915 elementor-197\" data-elementor-post-type=\"page\">\n\t\t\t\t<div data-dce-background-image-url=\"https:\/\/wesem-erasmus.eu\/wp-content\/uploads\/2024\/06\/WESEM-bg-1.png\" class=\"elementor-element elementor-element-9c1e984 e-flex e-con-boxed e-con e-parent\" data-id=\"9c1e984\" data-element_type=\"container\" data-e-type=\"container\" data-settings=\"{&quot;background_background&quot;:&quot;classic&quot;,&quot;shape_divider_bottom&quot;:&quot;mountains&quot;}\">\n\t\t\t\t\t<div class=\"e-con-inner\">\n\t\t\t\t<div class=\"elementor-shape elementor-shape-bottom\" aria-hidden=\"true\" data-negative=\"false\">\n\t\t\t<svg xmlns=\"http:\/\/www.w3.org\/2000\/svg\" viewBox=\"0 0 1000 100\" preserveAspectRatio=\"none\">\n\t<path class=\"elementor-shape-fill\" opacity=\"0.33\" d=\"M473,67.3c-203.9,88.3-263.1-34-320.3,0C66,119.1,0,59.7,0,59.7V0h1000v59.7 c0,0-62.1,26.1-94.9,29.3c-32.8,3.3-62.8-12.3-75.8-22.1C806,49.6,745.3,8.7,694.9,4.7S492.4,59,473,67.3z\"\/>\n\t<path class=\"elementor-shape-fill\" opacity=\"0.66\" d=\"M734,67.3c-45.5,0-77.2-23.2-129.1-39.1c-28.6-8.7-150.3-10.1-254,39.1 s-91.7-34.4-149.2,0C115.7,118.3,0,39.8,0,39.8V0h1000v36.5c0,0-28.2-18.5-92.1-18.5C810.2,18.1,775.7,67.3,734,67.3z\"\/>\n\t<path class=\"elementor-shape-fill\" d=\"M766.1,28.9c-200-57.5-266,65.5-395.1,19.5C242,1.8,242,5.4,184.8,20.6C128,35.8,132.3,44.9,89.9,52.5C28.6,63.7,0,0,0,0 h1000c0,0-9.9,40.9-83.6,48.1S829.6,47,766.1,28.9z\"\/>\n<\/svg>\t\t<\/div>\n\t\t\t\t<div data-dce-title-color=\"#FFFFFF\" class=\"elementor-element elementor-element-aadb8e4 elementor-widget elementor-widget-heading\" data-id=\"aadb8e4\" data-element_type=\"widget\" data-e-type=\"widget\" data-widget_type=\"heading.default\">\n\t\t\t\t<div class=\"elementor-widget-container\">\n\t\t\t\t\t<h1 class=\"elementor-heading-title elementor-size-default\">Privaatsuspoliitika<\/h1>\t\t\t\t<\/div>\n\t\t\t\t<\/div>\n\t\t\t\t\t<\/div>\n\t\t\t\t<\/div>\n\t\t<div class=\"elementor-element elementor-element-5915661 e-flex e-con-boxed e-con e-parent\" data-id=\"5915661\" data-element_type=\"container\" data-e-type=\"container\" id=\"about\">\n\t\t\t\t\t<div class=\"e-con-inner\">\n\t\t\t\t<div class=\"elementor-element elementor-element-f7576d9 elementor-widget__width-initial elementor-widget elementor-widget-text-editor\" data-id=\"f7576d9\" data-element_type=\"widget\" data-e-type=\"widget\" data-widget_type=\"text-editor.default\">\n\t\t\t\t<div class=\"elementor-widget-container\">\n\t\t\t\t\t\t\t\t\t<p><span data-sheets-root=\"1\">WESEM-is v\u00f5tame sinu isikuandmete kaitset v\u00e4ga t\u00f5siselt. Meie eesm\u00e4rk on hoida sinu antud andmed konfidentsiaalsena ning j\u00e4rgida kehtivaid isikuandmete kaitse \u00f5igusakte. <\/span><\/p><p><span data-sheets-root=\"1\">Vastavalt 5. detsembri 2018. aasta isikuandmete kaitse ja digitaalseaduste garantiide seadusele 3\/2018, millega v\u00f5eti \u00fcle m\u00e4\u00e4rus (EL) 2016\/679, anname teada j\u00e4rgmise teabe meie privaatsus- ja andmekaitsepoliitika kohta:<\/span><\/p>\t\t\t\t\t\t\t\t<\/div>\n\t\t\t\t<\/div>\n\t\t\t\t<div data-dce-title-color=\"#FFFFFF\" class=\"elementor-element elementor-element-b8066fa elementor-widget__width-initial elementor-widget elementor-widget-heading\" data-id=\"b8066fa\" data-element_type=\"widget\" data-e-type=\"widget\" data-widget_type=\"heading.default\">\n\t\t\t\t<div class=\"elementor-widget-container\">\n\t\t\t\t\t<h2 class=\"elementor-heading-title elementor-size-default\">Kes on sinu andmete t\u00f6\u00f6tleja?<\/h2>\t\t\t\t<\/div>\n\t\t\t\t<\/div>\n\t\t\t\t<div class=\"elementor-element elementor-element-b7a61b2 elementor-widget__width-initial elementor-widget elementor-widget-text-editor\" data-id=\"b7a61b2\" data-element_type=\"widget\" data-e-type=\"widget\" data-widget_type=\"text-editor.default\">\n\t\t\t\t<div class=\"elementor-widget-container\">\n\t\t\t\t\t\t\t\t\t<p>Teie andmete eest vastutav <strong>organisatsioon <\/strong>on <strong>Loodushoiu Fond<\/strong>. See on <strong>Tallinnas, Eestis<\/strong> asuv sihtasutus. <\/p>\t\t\t\t\t\t\t\t<\/div>\n\t\t\t\t<\/div>\n\t\t<div class=\"elementor-element elementor-element-8ca676f e-con-full e-flex e-con e-child\" data-id=\"8ca676f\" data-element_type=\"container\" data-e-type=\"container\">\n\t\t<div class=\"elementor-element elementor-element-c4b6b75 e-con-full e-flex e-con e-child\" data-id=\"c4b6b75\" data-element_type=\"container\" data-e-type=\"container\" data-settings=\"{&quot;background_background&quot;:&quot;classic&quot;}\">\n\t\t\t\t<div class=\"elementor-element elementor-element-ab3e8fc elementor-widget__width-initial elementor-widget elementor-widget-heading\" data-id=\"ab3e8fc\" data-element_type=\"widget\" data-e-type=\"widget\" data-widget_type=\"heading.default\">\n\t\t\t\t<div class=\"elementor-widget-container\">\n\t\t\t\t\t<div class=\"elementor-heading-title elementor-size-default\">Aadress<\/div>\t\t\t\t<\/div>\n\t\t\t\t<\/div>\n\t\t\t\t<div class=\"elementor-element elementor-element-7ddf4c2 elementor-widget__width-initial elementor-widget elementor-widget-heading\" data-id=\"7ddf4c2\" data-element_type=\"widget\" data-e-type=\"widget\" data-widget_type=\"heading.default\">\n\t\t\t\t<div class=\"elementor-widget-container\">\n\t\t\t\t\t<div class=\"elementor-heading-title elementor-size-default\">Aadress<\/div>\t\t\t\t<\/div>\n\t\t\t\t<\/div>\n\t\t\t\t<\/div>\n\t\t<div class=\"elementor-element elementor-element-7d838b5 e-con-full e-flex e-con e-child\" data-id=\"7d838b5\" data-element_type=\"container\" data-e-type=\"container\">\n\t\t\t\t<div class=\"elementor-element elementor-element-3965867 elementor-widget__width-initial elementor-widget elementor-widget-heading\" data-id=\"3965867\" data-element_type=\"widget\" data-e-type=\"widget\" data-widget_type=\"heading.default\">\n\t\t\t\t<div class=\"elementor-widget-container\">\n\t\t\t\t\t<div class=\"elementor-heading-title elementor-size-default\">E-posti kontakt<\/div>\t\t\t\t<\/div>\n\t\t\t\t<\/div>\n\t\t\t\t<div class=\"elementor-element elementor-element-c57b6b0 elementor-widget__width-initial elementor-widget elementor-widget-heading\" data-id=\"c57b6b0\" data-element_type=\"widget\" data-e-type=\"widget\" data-widget_type=\"heading.default\">\n\t\t\t\t<div class=\"elementor-widget-container\">\n\t\t\t\t\t<div class=\"elementor-heading-title elementor-size-default\">example@company.eu<\/div>\t\t\t\t<\/div>\n\t\t\t\t<\/div>\n\t\t\t\t<\/div>\n\t\t<div class=\"elementor-element elementor-element-b580a89 e-con-full e-flex e-con e-child\" data-id=\"b580a89\" data-element_type=\"container\" data-e-type=\"container\" data-settings=\"{&quot;background_background&quot;:&quot;classic&quot;}\">\n\t\t\t\t<div class=\"elementor-element elementor-element-c9b3e17 elementor-widget__width-initial elementor-widget elementor-widget-heading\" data-id=\"c9b3e17\" data-element_type=\"widget\" data-e-type=\"widget\" data-widget_type=\"heading.default\">\n\t\t\t\t<div class=\"elementor-widget-container\">\n\t\t\t\t\t<div class=\"elementor-heading-title elementor-size-default\">Telefon<\/div>\t\t\t\t<\/div>\n\t\t\t\t<\/div>\n\t\t\t\t<div class=\"elementor-element elementor-element-7678181 elementor-widget__width-initial elementor-widget elementor-widget-heading\" data-id=\"7678181\" data-element_type=\"widget\" data-e-type=\"widget\" data-widget_type=\"heading.default\">\n\t\t\t\t<div class=\"elementor-widget-container\">\n\t\t\t\t\t<div class=\"elementor-heading-title elementor-size-default\">+99 (0)385 59356794<\/div>\t\t\t\t<\/div>\n\t\t\t\t<\/div>\n\t\t\t\t<\/div>\n\t\t\t\t<\/div>\n\t\t\t\t\t<\/div>\n\t\t\t\t<\/div>\n\t\t<div class=\"elementor-element elementor-element-680d9bb e-flex e-con-boxed e-con e-parent\" data-id=\"680d9bb\" data-element_type=\"container\" data-e-type=\"container\" id=\"news\" data-settings=\"{&quot;background_background&quot;:&quot;classic&quot;}\">\n\t\t\t\t\t<div class=\"e-con-inner\">\n\t\t\t\t<div data-dce-title-color=\"#FFFFFF\" class=\"elementor-element elementor-element-c10d9f4 elementor-widget__width-initial elementor-widget elementor-widget-heading\" data-id=\"c10d9f4\" data-element_type=\"widget\" data-e-type=\"widget\" data-widget_type=\"heading.default\">\n\t\t\t\t<div class=\"elementor-widget-container\">\n\t\t\t\t\t<h2 class=\"elementor-heading-title elementor-size-default\">Mis on andmete t\u00f6\u00f6tlemise eesm\u00e4rk?<\/h2>\t\t\t\t<\/div>\n\t\t\t\t<\/div>\n\t\t\t\t<div class=\"elementor-element elementor-element-fa755a3 elementor-widget__width-initial elementor-widget elementor-widget-text-editor\" data-id=\"fa755a3\" data-element_type=\"widget\" data-e-type=\"widget\" data-widget_type=\"text-editor.default\">\n\t\t\t\t<div class=\"elementor-widget-container\">\n\t\t\t\t\t\t\t\t\t<ul><li><span data-sheets-root=\"1\">Vastata veebilehe kontaktkanalite kaudu esitatud p\u00e4ringutele, kaebustele ja juhtumitele.<\/span><\/li><li><span data-sheets-root=\"1\">M\u00f5ista kasutaja k\u00e4itumist veebilehel, et tuvastada v\u00f5imalikke k\u00fcberr\u00fcnnakuid.<\/span><\/li><li><span data-sheets-root=\"1\">T\u00e4ita \u00f5iguslikke kohustusi, mis on meile otseselt kohaldatavad ja reguleerivad meie tegevust.<\/span><\/li><li><span data-sheets-root=\"1\">Kaitsta ja teostada oma \u00f5igusi v\u00f5i vastata igasugustele kaebustele.<\/span><\/li><li><span data-sheets-root=\"1\">Saata uudiskirju seoses kaupade v\u00f5i teenustega, mis kuuluvad vastutava isiku tegevuse hulka, v\u00f5i tema tegevusega seotud uudiseid.<\/span><\/li><\/ul>\t\t\t\t\t\t\t\t<\/div>\n\t\t\t\t<\/div>\n\t\t\t\t<div data-dce-title-color=\"#FFFFFF\" class=\"elementor-element elementor-element-fdcb9ac elementor-widget__width-initial elementor-widget elementor-widget-heading\" data-id=\"fdcb9ac\" data-element_type=\"widget\" data-e-type=\"widget\" data-widget_type=\"heading.default\">\n\t\t\t\t<div class=\"elementor-widget-container\">\n\t\t\t\t\t<h2 class=\"elementor-heading-title elementor-size-default\">Mis on andmete t\u00f6\u00f6tlemise \u00f5iguslik alus?<\/h2>\t\t\t\t<\/div>\n\t\t\t\t<\/div>\n\t\t\t\t<div class=\"elementor-element elementor-element-bb2079e elementor-widget__width-initial elementor-widget elementor-widget-text-editor\" data-id=\"bb2079e\" data-element_type=\"widget\" data-e-type=\"widget\" data-widget_type=\"text-editor.default\">\n\t\t\t\t<div class=\"elementor-widget-container\">\n\t\t\t\t\t\t\t\t\t<p><span data-sheets-root=\"1\">Sinu andmete t\u00f6\u00f6tlemise \u00f5iguslik alus on andmesubjekti n\u00f5usolek vastavalt m\u00e4\u00e4ruse artikli 6 l\u00f5ike 1 punktile a) ning vastutava t\u00f6\u00f6tleja \u00f5igustatud huvi vastavalt artikli 6 l\u00f5ike 1 punktile f).<\/span><\/p><p><span data-sheets-root=\"1\">Meie poolt k\u00fcsitavad andmed on asjakohased, vajalikud ja rangelt minimaalsed. Nende esitamine ei ole kohustuslik, kuid esitamata j\u00e4tmine v\u00f5ib m\u00f5jutada teenuse eesm\u00e4rgi t\u00e4itmist v\u00f5i muuta teenuse osutamise v\u00f5imatuks.<\/span><\/p>\t\t\t\t\t\t\t\t<\/div>\n\t\t\t\t<\/div>\n\t\t\t\t\t<\/div>\n\t\t\t\t<\/div>\n\t\t<div class=\"elementor-element elementor-element-029dbd0 e-flex e-con-boxed e-con e-parent\" data-id=\"029dbd0\" data-element_type=\"container\" data-e-type=\"container\">\n\t\t\t\t\t<div class=\"e-con-inner\">\n\t\t\t\t<div data-dce-title-color=\"#FFFFFF\" class=\"elementor-element elementor-element-fe6d638 elementor-widget__width-initial elementor-widget elementor-widget-heading\" data-id=\"fe6d638\" data-element_type=\"widget\" data-e-type=\"widget\" data-widget_type=\"heading.default\">\n\t\t\t\t<div class=\"elementor-widget-container\">\n\t\t\t\t\t<h2 class=\"elementor-heading-title elementor-size-default\">Kui kaua me sinu andmeid s\u00e4ilitame?<\/h2>\t\t\t\t<\/div>\n\t\t\t\t<\/div>\n\t\t\t\t<div class=\"elementor-element elementor-element-177f766 elementor-widget__width-initial elementor-widget elementor-widget-text-editor\" data-id=\"177f766\" data-element_type=\"widget\" data-e-type=\"widget\" data-widget_type=\"text-editor.default\">\n\t\t\t\t<div class=\"elementor-widget-container\">\n\t\t\t\t\t\t\t\t\t<p><span data-sheets-root=\"1\">Sinu andmeid s\u00e4ilitatakse nii kaua, kui on vajalik pakutava teenuse n\u00f5uetekohaseks osutamiseks, samuti v\u00f5imalike sellest tulenevate vastutuste t\u00e4itmiseks ja teiste seadusest tulenevate n\u00f5uete j\u00e4rgimiseks.<\/span><\/p>\t\t\t\t\t\t\t\t<\/div>\n\t\t\t\t<\/div>\n\t\t\t\t<div data-dce-title-color=\"#FFFFFF\" class=\"elementor-element elementor-element-ff4ccc2 elementor-widget__width-initial elementor-widget elementor-widget-heading\" data-id=\"ff4ccc2\" data-element_type=\"widget\" data-e-type=\"widget\" data-widget_type=\"heading.default\">\n\t\t\t\t<div class=\"elementor-widget-container\">\n\t\t\t\t\t<h2 class=\"elementor-heading-title elementor-size-default\">Kes on sinu andmete saajad?<\/h2>\t\t\t\t<\/div>\n\t\t\t\t<\/div>\n\t\t\t\t<div class=\"elementor-element elementor-element-52c1d37 elementor-widget__width-inherit elementor-widget elementor-widget-text-editor\" data-id=\"52c1d37\" data-element_type=\"widget\" data-e-type=\"widget\" data-widget_type=\"text-editor.default\">\n\t\t\t\t<div class=\"elementor-widget-container\">\n\t\t\t\t\t\t\t\t\t<p>Sinu andmete t\u00f6\u00f6tlemise k\u00e4igus v\u00f5ib <strong>Loodushoiu Fond<\/strong> jagada sinu andmeid j\u00e4rgmisega:<\/p><p>On Projects Advising SL, kes on veebihalduse ja hooldusteenuse pakkuja.<\/p>\t\t\t\t\t\t\t\t<\/div>\n\t\t\t\t<\/div>\n\t\t\t\t\t<\/div>\n\t\t\t\t<\/div>\n\t\t<div class=\"elementor-element elementor-element-a34ff91 e-flex e-con-boxed e-con e-parent\" data-id=\"a34ff91\" data-element_type=\"container\" data-e-type=\"container\" id=\"consortium\" data-settings=\"{&quot;background_background&quot;:&quot;classic&quot;}\">\n\t\t\t\t\t<div class=\"e-con-inner\">\n\t\t\t\t<div data-dce-title-color=\"#FFFFFF\" class=\"elementor-element elementor-element-18d2616 elementor-widget__width-initial elementor-widget elementor-widget-heading\" data-id=\"18d2616\" data-element_type=\"widget\" data-e-type=\"widget\" data-widget_type=\"heading.default\">\n\t\t\t\t<div class=\"elementor-widget-container\">\n\t\t\t\t\t<h2 class=\"elementor-heading-title elementor-size-default\">Millised on minu \u00f5igused?<\/h2>\t\t\t\t<\/div>\n\t\t\t\t<\/div>\n\t\t\t\t<div class=\"elementor-element elementor-element-3e1faae elementor-widget__width-initial elementor-widget elementor-widget-text-editor\" data-id=\"3e1faae\" data-element_type=\"widget\" data-e-type=\"widget\" data-widget_type=\"text-editor.default\">\n\t\t\t\t<div class=\"elementor-widget-container\">\n\t\t\t\t\t\t\t\t\t<ul><li><span data-sheets-root=\"1\">\u00d5igus tutvuda andmetega \u2013 \u00f5igus saada kinnitus selle kohta, kas sinu isikuandmeid t\u00f6\u00f6deldakse, ning \u00f5igus neile andmetele juurde p\u00e4\u00e4seda.<\/span><\/li><li><span data-sheets-root=\"1\">\u00d5igus lasta parandada eba\u00f5igeid v\u00f5i puudulikke isikuandmeid.<\/span><\/li><li><span data-sheets-root=\"1\">\u00d5igus andmete kustutamisele.<\/span><\/li><li><span data-sheets-root=\"1\">\u00d5igus t\u00f6\u00f6tlemise piiramisele.<\/span><\/li><li><span data-sheets-root=\"1\">\u00d5igus saada oma andmeid struktureeritud kujul ja edastada need teisele vastutavale t\u00f6\u00f6tlejale.<\/span><\/li><li><span data-sheets-root=\"1\">\u00d5igus vaidlustada oma isikuandmete t\u00f6\u00f6tlemine.<\/span><\/li><\/ul>\t\t\t\t\t\t\t\t<\/div>\n\t\t\t\t<\/div>\n\t\t\t\t<div class=\"elementor-element elementor-element-08bb425 elementor-widget__width-initial elementor-widget elementor-widget-text-editor\" data-id=\"08bb425\" data-element_type=\"widget\" data-e-type=\"widget\" data-widget_type=\"text-editor.default\">\n\t\t\t\t<div class=\"elementor-widget-container\">\n\t\t\t\t\t\t\t\t\t<p><span data-sheets-root=\"1\">Vastutaval t\u00f6\u00f6tlejal on \u00f5igus neid \u00f5igusi piirata vastavalt EL m\u00e4\u00e4ruse artiklile 23, kui selline piirang on vajalik ja proportsionaalne meede p\u00f5hi\u00f5iguste ja -vabaduste kaitsmiseks.<\/span><\/p>\t\t\t\t\t\t\t\t<\/div>\n\t\t\t\t<\/div>\n\t\t\t\t<div data-dce-title-color=\"#FFFFFF\" class=\"elementor-element elementor-element-32be33a elementor-widget elementor-widget-heading\" data-id=\"32be33a\" data-element_type=\"widget\" data-e-type=\"widget\" data-widget_type=\"heading.default\">\n\t\t\t\t<div class=\"elementor-widget-container\">\n\t\t\t\t\t<h2 class=\"elementor-heading-title elementor-size-default\">Kuhu saan esitada kaebuse?<\/h2>\t\t\t\t<\/div>\n\t\t\t\t<\/div>\n\t\t\t\t<div class=\"elementor-element elementor-element-f04c7f2 elementor-widget__width-initial elementor-widget elementor-widget-text-editor\" data-id=\"f04c7f2\" data-element_type=\"widget\" data-e-type=\"widget\" data-widget_type=\"text-editor.default\">\n\t\t\t\t<div class=\"elementor-widget-container\">\n\t\t\t\t\t\t\t\t\t<p><span data-sheets-root=\"1\">Kui asjaosaline leiab, et tema andmeid ei ole t\u00f6\u00f6deldud \u00f5igesti, v\u00f5ib ta saata kaebuse j\u00e4rgmisele e-posti aadressile:<\/span><\/p><p><span data-sheets-root=\"1\">Andmesubjekt kinnitab, et on kogu selle teabega tutvunud.<\/span><\/p>\t\t\t\t\t\t\t\t<\/div>\n\t\t\t\t<\/div>\n\t\t\t\t\t<\/div>\n\t\t\t\t<\/div>\n\t\t\t\t<\/div>\n\t\t","protected":false},"excerpt":{"rendered":"<p>Privaatsuspoliitika WESEM-is v\u00f5tame sinu isikuandmete kaitset v\u00e4ga t\u00f5siselt. Meie eesm\u00e4rk on hoida sinu antud andmed konfidentsiaalsena ning j\u00e4rgida kehtivaid isikuandmete kaitse \u00f5igusakte. Vastavalt 5. detsembri 2018. aasta isikuandmete kaitse ja digitaalseaduste garantiide seadusele 3\/2018, millega v\u00f5eti \u00fcle m\u00e4\u00e4rus (EL) 2016\/679, anname teada j\u00e4rgmise teabe meie privaatsus- ja andmekaitsepoliitika kohta: Kes on sinu andmete t\u00f6\u00f6tleja? Teie [&hellip;]<\/p>\n","protected":false},"author":1,"featured_media":0,"parent":0,"menu_order":0,"comment_status":"closed","ping_status":"closed","template":"elementor_header_footer","meta":{"_acf_changed":false,"_uf_show_specific_survey":0,"_uf_disable_surveys":false,"footnotes":""},"class_list":["post-915","page","type-page","status-publish","hentry"],"acf":[],"aioseo_notices":[],"_links":{"self":[{"href":"https:\/\/wesem-erasmus.eu\/et\/wp-json\/wp\/v2\/pages\/915","targetHints":{"allow":["GET"]}}],"collection":[{"href":"https:\/\/wesem-erasmus.eu\/et\/wp-json\/wp\/v2\/pages"}],"about":[{"href":"https:\/\/wesem-erasmus.eu\/et\/wp-json\/wp\/v2\/types\/page"}],"author":[{"embeddable":true,"href":"https:\/\/wesem-erasmus.eu\/et\/wp-json\/wp\/v2\/users\/1"}],"replies":[{"embeddable":true,"href":"https:\/\/wesem-erasmus.eu\/et\/wp-json\/wp\/v2\/comments?post=915"}],"version-history":[{"count":1,"href":"https:\/\/wesem-erasmus.eu\/et\/wp-json\/wp\/v2\/pages\/915\/revisions"}],"predecessor-version":[{"id":916,"href":"https:\/\/wesem-erasmus.eu\/et\/wp-json\/wp\/v2\/pages\/915\/revisions\/916"}],"wp:attachment":[{"href":"https:\/\/wesem-erasmus.eu\/et\/wp-json\/wp\/v2\/media?parent=915"}],"curies":[{"name":"wp","href":"https:\/\/api.w.org\/{rel}","templated":true}]}}