{"id":765,"date":"2024-10-17T08:15:16","date_gmt":"2024-10-17T08:15:16","guid":{"rendered":"https:\/\/wesem-erasmus.eu\/politique-de-confidentialite"},"modified":"2025-12-01T10:31:41","modified_gmt":"2025-12-01T10:31:41","slug":"politique-de-confidentialite","status":"publish","type":"page","link":"https:\/\/wesem-erasmus.eu\/fr\/politique-de-confidentialite","title":{"rendered":"Politique de confidentialit\u00e9"},"content":{"rendered":"\t\t<div data-elementor-type=\"wp-page\" data-elementor-id=\"765\" class=\"elementor elementor-765 elementor-197\" data-elementor-post-type=\"page\">\n\t\t\t\t<div data-dce-background-image-url=\"https:\/\/wesem-erasmus.eu\/wp-content\/uploads\/2024\/06\/WESEM-bg-1.png\" class=\"elementor-element elementor-element-9c1e984 e-flex e-con-boxed e-con e-parent\" data-id=\"9c1e984\" data-element_type=\"container\" data-e-type=\"container\" data-settings=\"{&quot;background_background&quot;:&quot;classic&quot;,&quot;shape_divider_bottom&quot;:&quot;mountains&quot;}\">\n\t\t\t\t\t<div class=\"e-con-inner\">\n\t\t\t\t<div class=\"elementor-shape elementor-shape-bottom\" aria-hidden=\"true\" data-negative=\"false\">\n\t\t\t<svg xmlns=\"http:\/\/www.w3.org\/2000\/svg\" viewBox=\"0 0 1000 100\" preserveAspectRatio=\"none\">\n\t<path class=\"elementor-shape-fill\" opacity=\"0.33\" d=\"M473,67.3c-203.9,88.3-263.1-34-320.3,0C66,119.1,0,59.7,0,59.7V0h1000v59.7 c0,0-62.1,26.1-94.9,29.3c-32.8,3.3-62.8-12.3-75.8-22.1C806,49.6,745.3,8.7,694.9,4.7S492.4,59,473,67.3z\"\/>\n\t<path class=\"elementor-shape-fill\" opacity=\"0.66\" d=\"M734,67.3c-45.5,0-77.2-23.2-129.1-39.1c-28.6-8.7-150.3-10.1-254,39.1 s-91.7-34.4-149.2,0C115.7,118.3,0,39.8,0,39.8V0h1000v36.5c0,0-28.2-18.5-92.1-18.5C810.2,18.1,775.7,67.3,734,67.3z\"\/>\n\t<path class=\"elementor-shape-fill\" d=\"M766.1,28.9c-200-57.5-266,65.5-395.1,19.5C242,1.8,242,5.4,184.8,20.6C128,35.8,132.3,44.9,89.9,52.5C28.6,63.7,0,0,0,0 h1000c0,0-9.9,40.9-83.6,48.1S829.6,47,766.1,28.9z\"\/>\n<\/svg>\t\t<\/div>\n\t\t\t\t<div data-dce-title-color=\"#FFFFFF\" class=\"elementor-element elementor-element-aadb8e4 elementor-widget elementor-widget-heading\" data-id=\"aadb8e4\" data-element_type=\"widget\" data-e-type=\"widget\" data-widget_type=\"heading.default\">\n\t\t\t\t<div class=\"elementor-widget-container\">\n\t\t\t\t\t<h1 class=\"elementor-heading-title elementor-size-default\">Politique de confidentialit\u00e9<\/h1>\t\t\t\t<\/div>\n\t\t\t\t<\/div>\n\t\t\t\t\t<\/div>\n\t\t\t\t<\/div>\n\t\t<div class=\"elementor-element elementor-element-5915661 e-flex e-con-boxed e-con e-parent\" data-id=\"5915661\" data-element_type=\"container\" data-e-type=\"container\" id=\"about\">\n\t\t\t\t\t<div class=\"e-con-inner\">\n\t\t\t\t<div class=\"elementor-element elementor-element-f7576d9 elementor-widget__width-initial elementor-widget elementor-widget-text-editor\" data-id=\"f7576d9\" data-element_type=\"widget\" data-e-type=\"widget\" data-widget_type=\"text-editor.default\">\n\t\t\t\t<div class=\"elementor-widget-container\">\n\t\t\t\t\t\t\t\t\t<p><span data-sheets-root=\"1\">Chez WESEM nous prenons tr\u00e8s au s\u00e9rieux la protection de vos donn\u00e9es personnelles. Notre objectif est de prot\u00e9ger la confidentialit\u00e9 des donn\u00e9es que vous nous fournissez et de nous conformer \u00e0 la r\u00e9glementation en vigueur en mati\u00e8re de protection des donn\u00e9es personnelles. <\/span><\/p><p><span data-sheets-root=\"1\">Conform\u00e9ment \u00e0 la loi 3\/2018 du 5 d\u00e9cembre sur la protection des donn\u00e9es personnelles et la garantie des droits num\u00e9riques transposant le r\u00e8glement (UE) 2016\/679, nous vous informons des informations suivantes sur notre politique de confidentialit\u00e9 et de protection des donn\u00e9es:<\/span><\/p>\t\t\t\t\t\t\t\t<\/div>\n\t\t\t\t<\/div>\n\t\t\t\t<div data-dce-title-color=\"#FFFFFF\" class=\"elementor-element elementor-element-b8066fa elementor-widget__width-initial elementor-widget elementor-widget-heading\" data-id=\"b8066fa\" data-element_type=\"widget\" data-e-type=\"widget\" data-widget_type=\"heading.default\">\n\t\t\t\t<div class=\"elementor-widget-container\">\n\t\t\t\t\t<h2 class=\"elementor-heading-title elementor-size-default\">Qui est le responsable du traitement de vos donn\u00e9es?<\/h2>\t\t\t\t<\/div>\n\t\t\t\t<\/div>\n\t\t\t\t<div class=\"elementor-element elementor-element-b7a61b2 elementor-widget__width-initial elementor-widget elementor-widget-text-editor\" data-id=\"b7a61b2\" data-element_type=\"widget\" data-e-type=\"widget\" data-widget_type=\"text-editor.default\">\n\t\t\t\t<div class=\"elementor-widget-container\">\n\t\t\t\t\t\t\t\t\t<p>L&rsquo;organisation responsable de vos donn\u00e9es est <strong>Loodushoiuf Fond<\/strong>. Il s&rsquo;agit d&rsquo;une <strong>fondation <\/strong>situ\u00e9e \u00e0 <strong>Tallinn, en Estonie.<\/strong> <\/p>\t\t\t\t\t\t\t\t<\/div>\n\t\t\t\t<\/div>\n\t\t<div class=\"elementor-element elementor-element-8ca676f e-con-full e-flex e-con e-child\" data-id=\"8ca676f\" data-element_type=\"container\" data-e-type=\"container\">\n\t\t<div class=\"elementor-element elementor-element-c4b6b75 e-con-full e-flex e-con e-child\" data-id=\"c4b6b75\" data-element_type=\"container\" data-e-type=\"container\" data-settings=\"{&quot;background_background&quot;:&quot;classic&quot;}\">\n\t\t\t\t<div class=\"elementor-element elementor-element-ab3e8fc elementor-widget__width-initial elementor-widget elementor-widget-heading\" data-id=\"ab3e8fc\" data-element_type=\"widget\" data-e-type=\"widget\" data-widget_type=\"heading.default\">\n\t\t\t\t<div class=\"elementor-widget-container\">\n\t\t\t\t\t<div class=\"elementor-heading-title elementor-size-default\">Adresse<\/div>\t\t\t\t<\/div>\n\t\t\t\t<\/div>\n\t\t\t\t<div class=\"elementor-element elementor-element-7ddf4c2 elementor-widget__width-initial elementor-widget elementor-widget-heading\" data-id=\"7ddf4c2\" data-element_type=\"widget\" data-e-type=\"widget\" data-widget_type=\"heading.default\">\n\t\t\t\t<div class=\"elementor-widget-container\">\n\t\t\t\t\t<div class=\"elementor-heading-title elementor-size-default\">Adresse<\/div>\t\t\t\t<\/div>\n\t\t\t\t<\/div>\n\t\t\t\t<\/div>\n\t\t<div class=\"elementor-element elementor-element-7d838b5 e-con-full e-flex e-con e-child\" data-id=\"7d838b5\" data-element_type=\"container\" data-e-type=\"container\">\n\t\t\t\t<div class=\"elementor-element elementor-element-3965867 elementor-widget__width-initial elementor-widget elementor-widget-heading\" data-id=\"3965867\" data-element_type=\"widget\" data-e-type=\"widget\" data-widget_type=\"heading.default\">\n\t\t\t\t<div class=\"elementor-widget-container\">\n\t\t\t\t\t<div class=\"elementor-heading-title elementor-size-default\">Contact par mail<\/div>\t\t\t\t<\/div>\n\t\t\t\t<\/div>\n\t\t\t\t<div class=\"elementor-element elementor-element-c57b6b0 elementor-widget__width-initial elementor-widget elementor-widget-heading\" data-id=\"c57b6b0\" data-element_type=\"widget\" data-e-type=\"widget\" data-widget_type=\"heading.default\">\n\t\t\t\t<div class=\"elementor-widget-container\">\n\t\t\t\t\t<div class=\"elementor-heading-title elementor-size-default\">example@company.eu<\/div>\t\t\t\t<\/div>\n\t\t\t\t<\/div>\n\t\t\t\t<\/div>\n\t\t<div class=\"elementor-element elementor-element-b580a89 e-con-full e-flex e-con e-child\" data-id=\"b580a89\" data-element_type=\"container\" data-e-type=\"container\" data-settings=\"{&quot;background_background&quot;:&quot;classic&quot;}\">\n\t\t\t\t<div class=\"elementor-element elementor-element-c9b3e17 elementor-widget__width-initial elementor-widget elementor-widget-heading\" data-id=\"c9b3e17\" data-element_type=\"widget\" data-e-type=\"widget\" data-widget_type=\"heading.default\">\n\t\t\t\t<div class=\"elementor-widget-container\">\n\t\t\t\t\t<div class=\"elementor-heading-title elementor-size-default\">T\u00e9l\u00e9phone<\/div>\t\t\t\t<\/div>\n\t\t\t\t<\/div>\n\t\t\t\t<div class=\"elementor-element elementor-element-7678181 elementor-widget__width-initial elementor-widget elementor-widget-heading\" data-id=\"7678181\" data-element_type=\"widget\" data-e-type=\"widget\" data-widget_type=\"heading.default\">\n\t\t\t\t<div class=\"elementor-widget-container\">\n\t\t\t\t\t<div class=\"elementor-heading-title elementor-size-default\">+99 (0)385 59356794<\/div>\t\t\t\t<\/div>\n\t\t\t\t<\/div>\n\t\t\t\t<\/div>\n\t\t\t\t<\/div>\n\t\t\t\t\t<\/div>\n\t\t\t\t<\/div>\n\t\t<div class=\"elementor-element elementor-element-680d9bb e-flex e-con-boxed e-con e-parent\" data-id=\"680d9bb\" data-element_type=\"container\" data-e-type=\"container\" id=\"news\" data-settings=\"{&quot;background_background&quot;:&quot;classic&quot;}\">\n\t\t\t\t\t<div class=\"e-con-inner\">\n\t\t\t\t<div data-dce-title-color=\"#FFFFFF\" class=\"elementor-element elementor-element-c10d9f4 elementor-widget__width-initial elementor-widget elementor-widget-heading\" data-id=\"c10d9f4\" data-element_type=\"widget\" data-e-type=\"widget\" data-widget_type=\"heading.default\">\n\t\t\t\t<div class=\"elementor-widget-container\">\n\t\t\t\t\t<h2 class=\"elementor-heading-title elementor-size-default\">Quel est l'objectif du traitement?<\/h2>\t\t\t\t<\/div>\n\t\t\t\t<\/div>\n\t\t\t\t<div class=\"elementor-element elementor-element-fa755a3 elementor-widget__width-initial elementor-widget elementor-widget-text-editor\" data-id=\"fa755a3\" data-element_type=\"widget\" data-e-type=\"widget\" data-widget_type=\"text-editor.default\">\n\t\t\t\t<div class=\"elementor-widget-container\">\n\t\t\t\t\t\t\t\t\t<ul><li><span data-sheets-root=\"1\">R\u00e9pondre aux demandes, plaintes et incidents transmis par le biais de nos canaux de contact incorpor\u00e9s dans le site web.<\/span><\/li><li><span data-sheets-root=\"1\">Comprendre le comportement du navigateur dans le web afin de d\u00e9tecter d\u2019\u00e9ventuelles attaques informatiques sur notre web.<\/span><\/li><li><span data-sheets-root=\"1\">Respecter les obligations l\u00e9gales qui nous sont directement applicables et qui r\u00e9glementent notre activit\u00e9.<\/span><\/li><li><span data-sheets-root=\"1\">Prot\u00e9ger et exercer nos droits ou r\u00e9pondre \u00e0 des plaintes de toute nature.<\/span><\/li><li><span data-sheets-root=\"1\">Envoi de bulletins d\u2019information concernant les biens ou services qui composent l\u2019activit\u00e9 du responsable ou des nouvelles li\u00e9es \u00e0 son activit\u00e9.<\/span><\/li><\/ul>\t\t\t\t\t\t\t\t<\/div>\n\t\t\t\t<\/div>\n\t\t\t\t<div data-dce-title-color=\"#FFFFFF\" class=\"elementor-element elementor-element-fdcb9ac elementor-widget__width-initial elementor-widget elementor-widget-heading\" data-id=\"fdcb9ac\" data-element_type=\"widget\" data-e-type=\"widget\" data-widget_type=\"heading.default\">\n\t\t\t\t<div class=\"elementor-widget-container\">\n\t\t\t\t\t<h2 class=\"elementor-heading-title elementor-size-default\">Quelle est la base juridique du traitement?<\/h2>\t\t\t\t<\/div>\n\t\t\t\t<\/div>\n\t\t\t\t<div class=\"elementor-element elementor-element-bb2079e elementor-widget__width-initial elementor-widget elementor-widget-text-editor\" data-id=\"bb2079e\" data-element_type=\"widget\" data-e-type=\"widget\" data-widget_type=\"text-editor.default\">\n\t\t\t\t<div class=\"elementor-widget-container\">\n\t\t\t\t\t\t\t\t\t<p><span data-sheets-root=\"1\">La base juridique du traitement de vos donn\u00e9es est le consentement de la personne concern\u00e9e en vertu de l\u2019article 6.1 a) du r\u00e8glement, ainsi que l\u2019int\u00e9r\u00eat l\u00e9gitime du responsable du traitement en vertu de l\u2019article 6.1 f) du r\u00e8glement.<\/span><\/p><p><span data-sheets-root=\"1\">Les donn\u00e9es que nous vous demandons sont ad\u00e9quates, pertinentes et strictement n\u00e9cessaires et en aucun cas vous n\u2019\u00eates oblig\u00e9 de nous les fournir, mais leur non-communication peut affecter la finalit\u00e9 du service ou l\u2019impossibilit\u00e9 de le fournir.<\/span><\/p>\t\t\t\t\t\t\t\t<\/div>\n\t\t\t\t<\/div>\n\t\t\t\t\t<\/div>\n\t\t\t\t<\/div>\n\t\t<div class=\"elementor-element elementor-element-029dbd0 e-flex e-con-boxed e-con e-parent\" data-id=\"029dbd0\" data-element_type=\"container\" data-e-type=\"container\">\n\t\t\t\t\t<div class=\"e-con-inner\">\n\t\t\t\t<div data-dce-title-color=\"#FFFFFF\" class=\"elementor-element elementor-element-fe6d638 elementor-widget__width-initial elementor-widget elementor-widget-heading\" data-id=\"fe6d638\" data-element_type=\"widget\" data-e-type=\"widget\" data-widget_type=\"heading.default\">\n\t\t\t\t<div class=\"elementor-widget-container\">\n\t\t\t\t\t<h2 class=\"elementor-heading-title elementor-size-default\">Pendant combien de temps conservons-nous vos donn\u00e9es?<\/h2>\t\t\t\t<\/div>\n\t\t\t\t<\/div>\n\t\t\t\t<div class=\"elementor-element elementor-element-177f766 elementor-widget__width-initial elementor-widget elementor-widget-text-editor\" data-id=\"177f766\" data-element_type=\"widget\" data-e-type=\"widget\" data-widget_type=\"text-editor.default\">\n\t\t\t\t<div class=\"elementor-widget-container\">\n\t\t\t\t\t\t\t\t\t<p><span data-sheets-root=\"1\">Vos donn\u00e9es seront conserv\u00e9es pendant la dur\u00e9e n\u00e9cessaire \u00e0 la bonne prestation du service offert, ainsi que pour faire face aux responsabilit\u00e9s qui peuvent en d\u00e9couler et \u00e0 toute autre exigence l\u00e9gale.<\/span><\/p>\t\t\t\t\t\t\t\t<\/div>\n\t\t\t\t<\/div>\n\t\t\t\t<div data-dce-title-color=\"#FFFFFF\" class=\"elementor-element elementor-element-ff4ccc2 elementor-widget__width-initial elementor-widget elementor-widget-heading\" data-id=\"ff4ccc2\" data-element_type=\"widget\" data-e-type=\"widget\" data-widget_type=\"heading.default\">\n\t\t\t\t<div class=\"elementor-widget-container\">\n\t\t\t\t\t<h2 class=\"elementor-heading-title elementor-size-default\">Quels sont les destinataires qui recevront vos donn\u00e9es?<\/h2>\t\t\t\t<\/div>\n\t\t\t\t<\/div>\n\t\t\t\t<div class=\"elementor-element elementor-element-52c1d37 elementor-widget__width-inherit elementor-widget elementor-widget-text-editor\" data-id=\"52c1d37\" data-element_type=\"widget\" data-e-type=\"widget\" data-widget_type=\"text-editor.default\">\n\t\t\t\t<div class=\"elementor-widget-container\">\n\t\t\t\t\t\t\t\t\t<p>Lors du traitement de vos donn\u00e9es, <strong>Loodushoiuf Fond<\/strong> peut partager vos donn\u00e9es avec :<\/p><p>On Projects Advising SL, en tant que prestataires de services de gestion et de maintenance de sites web.<\/p>\t\t\t\t\t\t\t\t<\/div>\n\t\t\t\t<\/div>\n\t\t\t\t\t<\/div>\n\t\t\t\t<\/div>\n\t\t<div class=\"elementor-element elementor-element-a34ff91 e-flex e-con-boxed e-con e-parent\" data-id=\"a34ff91\" data-element_type=\"container\" data-e-type=\"container\" id=\"consortium\" data-settings=\"{&quot;background_background&quot;:&quot;classic&quot;}\">\n\t\t\t\t\t<div class=\"e-con-inner\">\n\t\t\t\t<div data-dce-title-color=\"#FFFFFF\" class=\"elementor-element elementor-element-18d2616 elementor-widget__width-initial elementor-widget elementor-widget-heading\" data-id=\"18d2616\" data-element_type=\"widget\" data-e-type=\"widget\" data-widget_type=\"heading.default\">\n\t\t\t\t<div class=\"elementor-widget-container\">\n\t\t\t\t\t<h2 class=\"elementor-heading-title elementor-size-default\">Quels sont mes droits?<\/h2>\t\t\t\t<\/div>\n\t\t\t\t<\/div>\n\t\t\t\t<div class=\"elementor-element elementor-element-3e1faae elementor-widget__width-initial elementor-widget elementor-widget-text-editor\" data-id=\"3e1faae\" data-element_type=\"widget\" data-e-type=\"widget\" data-widget_type=\"text-editor.default\">\n\t\t\t\t<div class=\"elementor-widget-container\">\n\t\t\t\t\t\t\t\t\t<ul><li><span data-sheets-root=\"1\">Droit d\u2019acc\u00e8s: le droit d\u2019obtenir la confirmation que des donn\u00e9es personnelles sont trait\u00e9es, ainsi que le droit d\u2019acc\u00e8s \u00e0 ces donn\u00e9es.<\/span><\/li><li><span data-sheets-root=\"1\">Droit de rectification des donn\u00e9es personnelles.<\/span><\/li><li><span data-sheets-root=\"1\">Droit \u00e0 l\u2019effacement<\/span><\/li><li><span data-sheets-root=\"1\">Droit \u00e0 la limitation du traitement<\/span><\/li><li><span data-sheets-root=\"1\">Droit \u00e0 la portabilit\u00e9 des donn\u00e9es<\/span><\/li><li><span data-sheets-root=\"1\">Droit d\u2019opposition: le droit de s\u2019opposer au traitement des donn\u00e9es.<\/span><\/li><\/ul>\t\t\t\t\t\t\t\t<\/div>\n\t\t\t\t<\/div>\n\t\t\t\t<div class=\"elementor-element elementor-element-08bb425 elementor-widget__width-initial elementor-widget elementor-widget-text-editor\" data-id=\"08bb425\" data-element_type=\"widget\" data-e-type=\"widget\" data-widget_type=\"text-editor.default\">\n\t\t\t\t<div class=\"elementor-widget-container\">\n\t\t\t\t\t\t\t\t\t<p><span data-sheets-root=\"1\">Le responsable du traitement conserve le droit de restreindre les droits \u00e9nonc\u00e9s \u00e0 l\u2019article 23 du r\u00e8glement de l\u2019UE, si cette restriction est pr\u00e9vue pour sauvegarder, en particulier, les droits et libert\u00e9s fondamentaux et constitue une mesure n\u00e9cessaire et proportionn\u00e9e.<\/span><\/p>\t\t\t\t\t\t\t\t<\/div>\n\t\t\t\t<\/div>\n\t\t\t\t<div data-dce-title-color=\"#FFFFFF\" class=\"elementor-element elementor-element-32be33a elementor-widget elementor-widget-heading\" data-id=\"32be33a\" data-element_type=\"widget\" data-e-type=\"widget\" data-widget_type=\"heading.default\">\n\t\t\t\t<div class=\"elementor-widget-container\">\n\t\t\t\t\t<h2 class=\"elementor-heading-title elementor-size-default\">O\u00f9 puis-je d\u00e9poser une plainte ?<\/h2>\t\t\t\t<\/div>\n\t\t\t\t<\/div>\n\t\t\t\t<div class=\"elementor-element elementor-element-f04c7f2 elementor-widget__width-initial elementor-widget elementor-widget-text-editor\" data-id=\"f04c7f2\" data-element_type=\"widget\" data-e-type=\"widget\" data-widget_type=\"text-editor.default\">\n\t\t\t\t<div class=\"elementor-widget-container\">\n\t\t\t\t\t\t\t\t\t<p><span data-sheets-root=\"1\">Si une partie int\u00e9ress\u00e9e estime que ses donn\u00e9es ne sont pas trait\u00e9es correctement, elle peut envoyer ses plaintes \u00e0 l\u2019adresse \u00e9lectronique suivante:<\/span><\/p><p><span data-sheets-root=\"1\">La personne concern\u00e9e d\u00e9clare avoir acquis toutes ces informations.<\/span><\/p>\t\t\t\t\t\t\t\t<\/div>\n\t\t\t\t<\/div>\n\t\t\t\t\t<\/div>\n\t\t\t\t<\/div>\n\t\t\t\t<\/div>\n\t\t","protected":false},"excerpt":{"rendered":"<p>Politique de confidentialit\u00e9 Chez WESEM nous prenons tr\u00e8s au s\u00e9rieux la protection de vos donn\u00e9es personnelles. Notre objectif est de prot\u00e9ger la confidentialit\u00e9 des donn\u00e9es que vous nous fournissez et de nous conformer \u00e0 la r\u00e9glementation en vigueur en mati\u00e8re de protection des donn\u00e9es personnelles. Conform\u00e9ment \u00e0 la loi 3\/2018 du 5 d\u00e9cembre sur la [&hellip;]<\/p>\n","protected":false},"author":1,"featured_media":0,"parent":0,"menu_order":0,"comment_status":"closed","ping_status":"closed","template":"elementor_header_footer","meta":{"_acf_changed":false,"_uf_show_specific_survey":0,"_uf_disable_surveys":false,"footnotes":""},"class_list":["post-765","page","type-page","status-publish","hentry"],"acf":[],"aioseo_notices":[],"_links":{"self":[{"href":"https:\/\/wesem-erasmus.eu\/fr\/wp-json\/wp\/v2\/pages\/765","targetHints":{"allow":["GET"]}}],"collection":[{"href":"https:\/\/wesem-erasmus.eu\/fr\/wp-json\/wp\/v2\/pages"}],"about":[{"href":"https:\/\/wesem-erasmus.eu\/fr\/wp-json\/wp\/v2\/types\/page"}],"author":[{"embeddable":true,"href":"https:\/\/wesem-erasmus.eu\/fr\/wp-json\/wp\/v2\/users\/1"}],"replies":[{"embeddable":true,"href":"https:\/\/wesem-erasmus.eu\/fr\/wp-json\/wp\/v2\/comments?post=765"}],"version-history":[{"count":2,"href":"https:\/\/wesem-erasmus.eu\/fr\/wp-json\/wp\/v2\/pages\/765\/revisions"}],"predecessor-version":[{"id":917,"href":"https:\/\/wesem-erasmus.eu\/fr\/wp-json\/wp\/v2\/pages\/765\/revisions\/917"}],"wp:attachment":[{"href":"https:\/\/wesem-erasmus.eu\/fr\/wp-json\/wp\/v2\/media?parent=765"}],"curies":[{"name":"wp","href":"https:\/\/api.w.org\/{rel}","templated":true}]}}