{"id":763,"date":"2024-10-17T08:15:16","date_gmt":"2024-10-17T08:15:16","guid":{"rendered":"https:\/\/wesem-erasmus.eu\/polityka-prywatnosci"},"modified":"2025-12-01T10:32:53","modified_gmt":"2025-12-01T10:32:53","slug":"polityka-prywatnosci","status":"publish","type":"page","link":"https:\/\/wesem-erasmus.eu\/pl\/polityka-prywatnosci","title":{"rendered":"Polityka prywatno\u015bci"},"content":{"rendered":"\t\t<div data-elementor-type=\"wp-page\" data-elementor-id=\"763\" class=\"elementor elementor-763 elementor-197\" data-elementor-post-type=\"page\">\n\t\t\t\t<div data-dce-background-image-url=\"https:\/\/wesem-erasmus.eu\/wp-content\/uploads\/2024\/06\/WESEM-bg-1.png\" class=\"elementor-element elementor-element-9c1e984 e-flex e-con-boxed e-con e-parent\" data-id=\"9c1e984\" data-element_type=\"container\" data-e-type=\"container\" data-settings=\"{&quot;background_background&quot;:&quot;classic&quot;,&quot;shape_divider_bottom&quot;:&quot;mountains&quot;}\">\n\t\t\t\t\t<div class=\"e-con-inner\">\n\t\t\t\t<div class=\"elementor-shape elementor-shape-bottom\" aria-hidden=\"true\" data-negative=\"false\">\n\t\t\t<svg xmlns=\"http:\/\/www.w3.org\/2000\/svg\" viewBox=\"0 0 1000 100\" preserveAspectRatio=\"none\">\n\t<path class=\"elementor-shape-fill\" opacity=\"0.33\" d=\"M473,67.3c-203.9,88.3-263.1-34-320.3,0C66,119.1,0,59.7,0,59.7V0h1000v59.7 c0,0-62.1,26.1-94.9,29.3c-32.8,3.3-62.8-12.3-75.8-22.1C806,49.6,745.3,8.7,694.9,4.7S492.4,59,473,67.3z\"\/>\n\t<path class=\"elementor-shape-fill\" opacity=\"0.66\" d=\"M734,67.3c-45.5,0-77.2-23.2-129.1-39.1c-28.6-8.7-150.3-10.1-254,39.1 s-91.7-34.4-149.2,0C115.7,118.3,0,39.8,0,39.8V0h1000v36.5c0,0-28.2-18.5-92.1-18.5C810.2,18.1,775.7,67.3,734,67.3z\"\/>\n\t<path class=\"elementor-shape-fill\" d=\"M766.1,28.9c-200-57.5-266,65.5-395.1,19.5C242,1.8,242,5.4,184.8,20.6C128,35.8,132.3,44.9,89.9,52.5C28.6,63.7,0,0,0,0 h1000c0,0-9.9,40.9-83.6,48.1S829.6,47,766.1,28.9z\"\/>\n<\/svg>\t\t<\/div>\n\t\t\t\t<div data-dce-title-color=\"#FFFFFF\" class=\"elementor-element elementor-element-aadb8e4 elementor-widget elementor-widget-heading\" data-id=\"aadb8e4\" data-element_type=\"widget\" data-e-type=\"widget\" data-widget_type=\"heading.default\">\n\t\t\t\t<div class=\"elementor-widget-container\">\n\t\t\t\t\t<h1 class=\"elementor-heading-title elementor-size-default\">Polityka prywatno\u015bci<\/h1>\t\t\t\t<\/div>\n\t\t\t\t<\/div>\n\t\t\t\t\t<\/div>\n\t\t\t\t<\/div>\n\t\t<div class=\"elementor-element elementor-element-5915661 e-flex e-con-boxed e-con e-parent\" data-id=\"5915661\" data-element_type=\"container\" data-e-type=\"container\" id=\"about\">\n\t\t\t\t\t<div class=\"e-con-inner\">\n\t\t\t\t<div class=\"elementor-element elementor-element-f7576d9 elementor-widget__width-initial elementor-widget elementor-widget-text-editor\" data-id=\"f7576d9\" data-element_type=\"widget\" data-e-type=\"widget\" data-widget_type=\"text-editor.default\">\n\t\t\t\t<div class=\"elementor-widget-container\">\n\t\t\t\t\t\t\t\t\t<p><span data-sheets-root=\"1\">W WESEM bardzo powa\u017cnie traktujemy ochron\u0119 Twoich danych osobowych. Naszym celem jest ochrona prywatno\u015bci danych, kt\u00f3re nam przekazujesz oraz przestrzeganie obowi\u0105zuj\u0105cych przepis\u00f3w dotycz\u0105cych ochrony danych osobowych. <\/span><\/p><p><span data-sheets-root=\"1\">Zgodnie z ustaw\u0105 3\/2018 z dnia 5 grudnia o ochronie danych osobowych i gwarancji praw cyfrowych transponuj\u0105c\u0105 rozporz\u0105dzenie (UE) 2016\/679, przekazujemy Ci nast\u0119puj\u0105ce informacje dotycz\u0105ce naszej polityki prywatno\u015bci i ochrony danych:<\/span><\/p>\t\t\t\t\t\t\t\t<\/div>\n\t\t\t\t<\/div>\n\t\t\t\t<div data-dce-title-color=\"#FFFFFF\" class=\"elementor-element elementor-element-b8066fa elementor-widget__width-initial elementor-widget elementor-widget-heading\" data-id=\"b8066fa\" data-element_type=\"widget\" data-e-type=\"widget\" data-widget_type=\"heading.default\">\n\t\t\t\t<div class=\"elementor-widget-container\">\n\t\t\t\t\t<h2 class=\"elementor-heading-title elementor-size-default\">Kto jest administratorem przetwarzania Twoich danych?<\/h2>\t\t\t\t<\/div>\n\t\t\t\t<\/div>\n\t\t\t\t<div class=\"elementor-element elementor-element-b7a61b2 elementor-widget__width-initial elementor-widget elementor-widget-text-editor\" data-id=\"b7a61b2\" data-element_type=\"widget\" data-e-type=\"widget\" data-widget_type=\"text-editor.default\">\n\t\t\t\t<div class=\"elementor-widget-container\">\n\t\t\t\t\t\t\t\t\t<p>Organizacj\u0105 odpowiedzialn\u0105 za Twoje dane jest <strong>Loodushoiuf Fond<\/strong>. Jest to <strong>fundacja <\/strong>z siedzib\u0105 w <strong>Tallinie w Estonii<\/strong>. <\/p>\t\t\t\t\t\t\t\t<\/div>\n\t\t\t\t<\/div>\n\t\t<div class=\"elementor-element elementor-element-8ca676f e-con-full e-flex e-con e-child\" data-id=\"8ca676f\" data-element_type=\"container\" data-e-type=\"container\">\n\t\t<div class=\"elementor-element elementor-element-c4b6b75 e-con-full e-flex e-con e-child\" data-id=\"c4b6b75\" data-element_type=\"container\" data-e-type=\"container\" data-settings=\"{&quot;background_background&quot;:&quot;classic&quot;}\">\n\t\t\t\t<div class=\"elementor-element elementor-element-ab3e8fc elementor-widget__width-initial elementor-widget elementor-widget-heading\" data-id=\"ab3e8fc\" data-element_type=\"widget\" data-e-type=\"widget\" data-widget_type=\"heading.default\">\n\t\t\t\t<div class=\"elementor-widget-container\">\n\t\t\t\t\t<div class=\"elementor-heading-title elementor-size-default\">Adres<\/div>\t\t\t\t<\/div>\n\t\t\t\t<\/div>\n\t\t\t\t<div class=\"elementor-element elementor-element-7ddf4c2 elementor-widget__width-initial elementor-widget elementor-widget-heading\" data-id=\"7ddf4c2\" data-element_type=\"widget\" data-e-type=\"widget\" data-widget_type=\"heading.default\">\n\t\t\t\t<div class=\"elementor-widget-container\">\n\t\t\t\t\t<div class=\"elementor-heading-title elementor-size-default\">Adres<\/div>\t\t\t\t<\/div>\n\t\t\t\t<\/div>\n\t\t\t\t<\/div>\n\t\t<div class=\"elementor-element elementor-element-7d838b5 e-con-full e-flex e-con e-child\" data-id=\"7d838b5\" data-element_type=\"container\" data-e-type=\"container\">\n\t\t\t\t<div class=\"elementor-element elementor-element-3965867 elementor-widget__width-initial elementor-widget elementor-widget-heading\" data-id=\"3965867\" data-element_type=\"widget\" data-e-type=\"widget\" data-widget_type=\"heading.default\">\n\t\t\t\t<div class=\"elementor-widget-container\">\n\t\t\t\t\t<div class=\"elementor-heading-title elementor-size-default\">Kontakt mailowy<\/div>\t\t\t\t<\/div>\n\t\t\t\t<\/div>\n\t\t\t\t<div class=\"elementor-element elementor-element-c57b6b0 elementor-widget__width-initial elementor-widget elementor-widget-heading\" data-id=\"c57b6b0\" data-element_type=\"widget\" data-e-type=\"widget\" data-widget_type=\"heading.default\">\n\t\t\t\t<div class=\"elementor-widget-container\">\n\t\t\t\t\t<div class=\"elementor-heading-title elementor-size-default\">example@company.eu<\/div>\t\t\t\t<\/div>\n\t\t\t\t<\/div>\n\t\t\t\t<\/div>\n\t\t<div class=\"elementor-element elementor-element-b580a89 e-con-full e-flex e-con e-child\" data-id=\"b580a89\" data-element_type=\"container\" data-e-type=\"container\" data-settings=\"{&quot;background_background&quot;:&quot;classic&quot;}\">\n\t\t\t\t<div class=\"elementor-element elementor-element-c9b3e17 elementor-widget__width-initial elementor-widget elementor-widget-heading\" data-id=\"c9b3e17\" data-element_type=\"widget\" data-e-type=\"widget\" data-widget_type=\"heading.default\">\n\t\t\t\t<div class=\"elementor-widget-container\">\n\t\t\t\t\t<div class=\"elementor-heading-title elementor-size-default\">Telefon<\/div>\t\t\t\t<\/div>\n\t\t\t\t<\/div>\n\t\t\t\t<div class=\"elementor-element elementor-element-7678181 elementor-widget__width-initial elementor-widget elementor-widget-heading\" data-id=\"7678181\" data-element_type=\"widget\" data-e-type=\"widget\" data-widget_type=\"heading.default\">\n\t\t\t\t<div class=\"elementor-widget-container\">\n\t\t\t\t\t<div class=\"elementor-heading-title elementor-size-default\">+99 (0)385 59356794<\/div>\t\t\t\t<\/div>\n\t\t\t\t<\/div>\n\t\t\t\t<\/div>\n\t\t\t\t<\/div>\n\t\t\t\t\t<\/div>\n\t\t\t\t<\/div>\n\t\t<div class=\"elementor-element elementor-element-680d9bb e-flex e-con-boxed e-con e-parent\" data-id=\"680d9bb\" data-element_type=\"container\" data-e-type=\"container\" id=\"news\" data-settings=\"{&quot;background_background&quot;:&quot;classic&quot;}\">\n\t\t\t\t\t<div class=\"e-con-inner\">\n\t\t\t\t<div data-dce-title-color=\"#FFFFFF\" class=\"elementor-element elementor-element-c10d9f4 elementor-widget__width-initial elementor-widget elementor-widget-heading\" data-id=\"c10d9f4\" data-element_type=\"widget\" data-e-type=\"widget\" data-widget_type=\"heading.default\">\n\t\t\t\t<div class=\"elementor-widget-container\">\n\t\t\t\t\t<h2 class=\"elementor-heading-title elementor-size-default\">Jaki jest cel zabiegu?<\/h2>\t\t\t\t<\/div>\n\t\t\t\t<\/div>\n\t\t\t\t<div class=\"elementor-element elementor-element-fa755a3 elementor-widget__width-initial elementor-widget elementor-widget-text-editor\" data-id=\"fa755a3\" data-element_type=\"widget\" data-e-type=\"widget\" data-widget_type=\"text-editor.default\">\n\t\t\t\t<div class=\"elementor-widget-container\">\n\t\t\t\t\t\t\t\t\t<ul><li><span data-sheets-root=\"1\">Aby odpowiedzie\u0107 na wnioski, skargi i incydenty przekazane za po\u015brednictwem naszych kana\u0142\u00f3w kontaktowych w\u0142\u0105czonych do strony internetowej.<\/span><\/li><li><span data-sheets-root=\"1\">Aby zrozumie\u0107 zachowanie nawigatora w obr\u0119bie sieci w celu wykrycia ewentualnych atak\u00f3w komputerowych na nasz\u0105 sie\u0107.<\/span><\/li><li><span data-sheets-root=\"1\">Wype\u0142nia\u0107 obowi\u0105zki prawne, kt\u00f3re dotycz\u0105 nas bezpo\u015brednio i reguluj\u0105 nasz\u0105 dzia\u0142alno\u015b\u0107.<\/span><\/li><li><span data-sheets-root=\"1\">Aby chroni\u0107 i wykonywa\u0107 nasze prawa lub odpowiada\u0107 na wszelkiego rodzaju skargi.<\/span><\/li><li><span data-sheets-root=\"1\">Przesy\u0142anie newsletter\u00f3w dotycz\u0105cych towar\u00f3w lub us\u0142ug sk\u0142adaj\u0105cych si\u0119 na dzia\u0142alno\u015b\u0107 podmiotu odpowiedzialnego lub wiadomo\u015bci zwi\u0105zanych z jego dzia\u0142alno\u015bci\u0105.<\/span><\/li><\/ul>\t\t\t\t\t\t\t\t<\/div>\n\t\t\t\t<\/div>\n\t\t\t\t<div data-dce-title-color=\"#FFFFFF\" class=\"elementor-element elementor-element-fdcb9ac elementor-widget__width-initial elementor-widget elementor-widget-heading\" data-id=\"fdcb9ac\" data-element_type=\"widget\" data-e-type=\"widget\" data-widget_type=\"heading.default\">\n\t\t\t\t<div class=\"elementor-widget-container\">\n\t\t\t\t\t<h2 class=\"elementor-heading-title elementor-size-default\">Jaka jest podstawa prawna zabiegu?<\/h2>\t\t\t\t<\/div>\n\t\t\t\t<\/div>\n\t\t\t\t<div class=\"elementor-element elementor-element-bb2079e elementor-widget__width-initial elementor-widget elementor-widget-text-editor\" data-id=\"bb2079e\" data-element_type=\"widget\" data-e-type=\"widget\" data-widget_type=\"text-editor.default\">\n\t\t\t\t<div class=\"elementor-widget-container\">\n\t\t\t\t\t\t\t\t\t<p><span data-sheets-root=\"1\">Podstaw\u0105 prawn\u0105 przetwarzania Twoich danych jest zgoda osoby, kt\u00f3rej dane dotycz\u0105 na podstawie art. 6 ust. 1 a) Rozporz\u0105dzenia, a tak\u017ce uzasadniony interes administratora danych na podstawie art. 6 ust. 1 f) Rozporz\u0105dzenia.<\/span><\/p><p><span data-sheets-root=\"1\">Dane, kt\u00f3rych \u017c\u0105damy od Ciebie s\u0105 adekwatne, istotne i \u015bci\u015ble niezb\u0119dne i w \u017cadnym wypadku nie jeste\u015b zobowi\u0105zany do ich podania, ale ich nieprzekazanie mo\u017ce wp\u0142yn\u0105\u0107 na celowo\u015b\u0107 us\u0142ugi lub brak mo\u017cliwo\u015bci jej \u015bwiadczenia.<\/span><\/p>\t\t\t\t\t\t\t\t<\/div>\n\t\t\t\t<\/div>\n\t\t\t\t\t<\/div>\n\t\t\t\t<\/div>\n\t\t<div class=\"elementor-element elementor-element-029dbd0 e-flex e-con-boxed e-con e-parent\" data-id=\"029dbd0\" data-element_type=\"container\" data-e-type=\"container\">\n\t\t\t\t\t<div class=\"e-con-inner\">\n\t\t\t\t<div data-dce-title-color=\"#FFFFFF\" class=\"elementor-element elementor-element-fe6d638 elementor-widget__width-initial elementor-widget elementor-widget-heading\" data-id=\"fe6d638\" data-element_type=\"widget\" data-e-type=\"widget\" data-widget_type=\"heading.default\">\n\t\t\t\t<div class=\"elementor-widget-container\">\n\t\t\t\t\t<h2 class=\"elementor-heading-title elementor-size-default\">Jak d\u0142ugo przechowujemy Twoje dane?<\/h2>\t\t\t\t<\/div>\n\t\t\t\t<\/div>\n\t\t\t\t<div class=\"elementor-element elementor-element-177f766 elementor-widget__width-initial elementor-widget elementor-widget-text-editor\" data-id=\"177f766\" data-element_type=\"widget\" data-e-type=\"widget\" data-widget_type=\"text-editor.default\">\n\t\t\t\t<div class=\"elementor-widget-container\">\n\t\t\t\t\t\t\t\t\t<p><span data-sheets-root=\"1\">Twoje dane b\u0119d\u0105 przechowywane przez czas niezb\u0119dny do prawid\u0142owego \u015bwiadczenia oferowanych us\u0142ug, a tak\u017ce do wype\u0142nienia obowi\u0105zk\u00f3w, kt\u00f3re mog\u0105 z nich wynika\u0107 oraz wszelkich innych wymog\u00f3w prawnych.<\/span><\/p>\t\t\t\t\t\t\t\t<\/div>\n\t\t\t\t<\/div>\n\t\t\t\t<div data-dce-title-color=\"#FFFFFF\" class=\"elementor-element elementor-element-ff4ccc2 elementor-widget__width-initial elementor-widget elementor-widget-heading\" data-id=\"ff4ccc2\" data-element_type=\"widget\" data-e-type=\"widget\" data-widget_type=\"heading.default\">\n\t\t\t\t<div class=\"elementor-widget-container\">\n\t\t\t\t\t<h2 class=\"elementor-heading-title elementor-size-default\">Kt\u00f3rzy odbiorcy b\u0119d\u0105 otrzymywa\u0107 Twoje dane?<\/h2>\t\t\t\t<\/div>\n\t\t\t\t<\/div>\n\t\t\t\t<div class=\"elementor-element elementor-element-52c1d37 elementor-widget__width-inherit elementor-widget elementor-widget-text-editor\" data-id=\"52c1d37\" data-element_type=\"widget\" data-e-type=\"widget\" data-widget_type=\"text-editor.default\">\n\t\t\t\t<div class=\"elementor-widget-container\">\n\t\t\t\t\t\t\t\t\t<p>Podczas przetwarzania danych <strong>Loodushoiuf Fond<\/strong> mo\u017ce udost\u0119pnia\u0107 dane u\u017cytkownika nast\u0119puj\u0105cym podmiotom:<\/p><p>On Projects Advising SL, jako dostawcy us\u0142ug zarz\u0105dzania i utrzymania stron internetowych.<\/p>\t\t\t\t\t\t\t\t<\/div>\n\t\t\t\t<\/div>\n\t\t\t\t\t<\/div>\n\t\t\t\t<\/div>\n\t\t<div class=\"elementor-element elementor-element-a34ff91 e-flex e-con-boxed e-con e-parent\" data-id=\"a34ff91\" data-element_type=\"container\" data-e-type=\"container\" id=\"consortium\" data-settings=\"{&quot;background_background&quot;:&quot;classic&quot;}\">\n\t\t\t\t\t<div class=\"e-con-inner\">\n\t\t\t\t<div data-dce-title-color=\"#FFFFFF\" class=\"elementor-element elementor-element-18d2616 elementor-widget__width-initial elementor-widget elementor-widget-heading\" data-id=\"18d2616\" data-element_type=\"widget\" data-e-type=\"widget\" data-widget_type=\"heading.default\">\n\t\t\t\t<div class=\"elementor-widget-container\">\n\t\t\t\t\t<h2 class=\"elementor-heading-title elementor-size-default\">Jakie s\u0105 moje prawa?<\/h2>\t\t\t\t<\/div>\n\t\t\t\t<\/div>\n\t\t\t\t<div class=\"elementor-element elementor-element-3e1faae elementor-widget__width-initial elementor-widget elementor-widget-text-editor\" data-id=\"3e1faae\" data-element_type=\"widget\" data-e-type=\"widget\" data-widget_type=\"text-editor.default\">\n\t\t\t\t<div class=\"elementor-widget-container\">\n\t\t\t\t\t\t\t\t\t<ul><li><span data-sheets-root=\"1\">Prawo dost\u0119pu: prawo do uzyskania potwierdzenia, czy dane osobowe s\u0105 przetwarzane, a tak\u017ce prawo dost\u0119pu do tych danych.<\/span><\/li><li><span data-sheets-root=\"1\">Prawo do sprostowania danych osobowych.<\/span><\/li><li><span data-sheets-root=\"1\">Prawo do usuni\u0119cia danych.<\/span><\/li><li><span data-sheets-root=\"1\">Prawo do ograniczenia przetwarzania danych.<\/span><\/li><li><span data-sheets-root=\"1\">Prawo do przenoszenia danych.<\/span><\/li><li><span data-sheets-root=\"1\">Prawo do sprzeciwu: prawo do wniesienia sprzeciwu wobec przetwarzania danych.<\/span><\/li><\/ul>\t\t\t\t\t\t\t\t<\/div>\n\t\t\t\t<\/div>\n\t\t\t\t<div class=\"elementor-element elementor-element-08bb425 elementor-widget__width-initial elementor-widget elementor-widget-text-editor\" data-id=\"08bb425\" data-element_type=\"widget\" data-e-type=\"widget\" data-widget_type=\"text-editor.default\">\n\t\t\t\t<div class=\"elementor-widget-container\">\n\t\t\t\t\t\t\t\t\t<p><span data-sheets-root=\"1\">Administrator zachowuje prawo do ograniczenia praw okre\u015blonych w art. 23 Rozporz\u0105dzenia UE, je\u017celi takie ograniczenie jest przewidziane w celu ochrony, w szczeg\u00f3lno\u015bci podstawowych praw i wolno\u015bci oraz jest niezb\u0119dnym i proporcjonalnym \u015brodkiem.<\/span><\/p>\t\t\t\t\t\t\t\t<\/div>\n\t\t\t\t<\/div>\n\t\t\t\t<div data-dce-title-color=\"#FFFFFF\" class=\"elementor-element elementor-element-32be33a elementor-widget elementor-widget-heading\" data-id=\"32be33a\" data-element_type=\"widget\" data-e-type=\"widget\" data-widget_type=\"heading.default\">\n\t\t\t\t<div class=\"elementor-widget-container\">\n\t\t\t\t\t<h2 class=\"elementor-heading-title elementor-size-default\">Gdzie mog\u0119 z\u0142o\u017cy\u0107 skarg\u0119?<\/h2>\t\t\t\t<\/div>\n\t\t\t\t<\/div>\n\t\t\t\t<div class=\"elementor-element elementor-element-f04c7f2 elementor-widget__width-initial elementor-widget elementor-widget-text-editor\" data-id=\"f04c7f2\" data-element_type=\"widget\" data-e-type=\"widget\" data-widget_type=\"text-editor.default\">\n\t\t\t\t<div class=\"elementor-widget-container\">\n\t\t\t\t\t\t\t\t\t<p><span data-sheets-root=\"1\">Je\u017celi jakakolwiek zainteresowana osoba uwa\u017ca, \u017ce jej dane nie s\u0105 prawid\u0142owo traktowane, mo\u017ce przes\u0142a\u0107 swoje skargi na nast\u0119puj\u0105cy adres e-mail;<\/span><\/p><p><span data-sheets-root=\"1\">Osoba, kt\u00f3rej dane dotycz\u0105, o\u015bwiadcza, \u017ce uzyska\u0142a wszystkie te informacje.<\/span><\/p>\t\t\t\t\t\t\t\t<\/div>\n\t\t\t\t<\/div>\n\t\t\t\t\t<\/div>\n\t\t\t\t<\/div>\n\t\t\t\t<\/div>\n\t\t","protected":false},"excerpt":{"rendered":"<p>Polityka prywatno\u015bci W WESEM bardzo powa\u017cnie traktujemy ochron\u0119 Twoich danych osobowych. Naszym celem jest ochrona prywatno\u015bci danych, kt\u00f3re nam przekazujesz oraz przestrzeganie obowi\u0105zuj\u0105cych przepis\u00f3w dotycz\u0105cych ochrony danych osobowych. Zgodnie z ustaw\u0105 3\/2018 z dnia 5 grudnia o ochronie danych osobowych i gwarancji praw cyfrowych transponuj\u0105c\u0105 rozporz\u0105dzenie (UE) 2016\/679, przekazujemy Ci nast\u0119puj\u0105ce informacje dotycz\u0105ce naszej polityki [&hellip;]<\/p>\n","protected":false},"author":1,"featured_media":0,"parent":0,"menu_order":0,"comment_status":"closed","ping_status":"closed","template":"elementor_header_footer","meta":{"_acf_changed":false,"_uf_show_specific_survey":0,"_uf_disable_surveys":false,"footnotes":""},"class_list":["post-763","page","type-page","status-publish","hentry"],"acf":[],"aioseo_notices":[],"_links":{"self":[{"href":"https:\/\/wesem-erasmus.eu\/pl\/wp-json\/wp\/v2\/pages\/763","targetHints":{"allow":["GET"]}}],"collection":[{"href":"https:\/\/wesem-erasmus.eu\/pl\/wp-json\/wp\/v2\/pages"}],"about":[{"href":"https:\/\/wesem-erasmus.eu\/pl\/wp-json\/wp\/v2\/types\/page"}],"author":[{"embeddable":true,"href":"https:\/\/wesem-erasmus.eu\/pl\/wp-json\/wp\/v2\/users\/1"}],"replies":[{"embeddable":true,"href":"https:\/\/wesem-erasmus.eu\/pl\/wp-json\/wp\/v2\/comments?post=763"}],"version-history":[{"count":2,"href":"https:\/\/wesem-erasmus.eu\/pl\/wp-json\/wp\/v2\/pages\/763\/revisions"}],"predecessor-version":[{"id":918,"href":"https:\/\/wesem-erasmus.eu\/pl\/wp-json\/wp\/v2\/pages\/763\/revisions\/918"}],"wp:attachment":[{"href":"https:\/\/wesem-erasmus.eu\/pl\/wp-json\/wp\/v2\/media?parent=763"}],"curies":[{"name":"wp","href":"https:\/\/api.w.org\/{rel}","templated":true}]}}